{"id":161807,"date":"2025-07-08T13:47:37","date_gmt":"2025-07-08T10:47:37","guid":{"rendered":"https:\/\/interiorstore.eu\/?post_type=product&#038;p=161807"},"modified":"2026-04-10T19:00:58","modified_gmt":"2026-04-10T16:00:58","slug":"tapeet-belvedere-soft-truffle","status":"publish","type":"product","link":"https:\/\/interiorstore.eu\/en\/toode\/tapeet-belvedere-soft-truffle\/","title":{"rendered":"Tapeet Belvedere Soft Truffle"},"content":{"rendered":"<p>Avasta meie lai valik pabertapeete, mis \u00fchendavad elegantsed mustrid, kaunid v\u00e4rvid ja ajatu stiili. Olgu sinu kodu linna s\u00fcdames korteris v\u00f5i rahulikus maakodus, meie tapeedid loovad ruumidesse hubasust, isikup\u00e4ra ja soojust.Muuda oma seinad elavaks! Vali tapeet, mis r\u00e4\u00e4gib sinu lugu.<\/p>\n","protected":false},"excerpt":{"rendered":"<p>Avasta meie lai valik pabertapeete, mis \u00fchendavad elegantsed mustrid, kaunid v\u00e4rvid ja ajatu stiili. Olgu sinu kodu linna s\u00fcdames korteris<\/p>\n","protected":false},"featured_media":161812,"template":"","meta":[],"product_brand":[],"product_cat":[484,8386],"product_tag":[],"class_list":{"0":"post-161807","1":"product","2":"type-product","3":"status-publish","4":"has-post-thumbnail","6":"product_cat-tapeedid","7":"product_cat-fliistapeedid","9":"first","10":"onbackorder","11":"sale","12":"taxable","13":"shipping-taxable","14":"purchasable","15":"product-type-simple"},"acf":[],"yoast_head":"<!-- This site is optimized with the Yoast SEO plugin v24.9 - https:\/\/yoast.com\/wordpress\/plugins\/seo\/ -->\n<title>Tapeet Belvedere Soft Truffle | InteriorStore.eu<\/title>\n<meta name=\"description\" content=\"Avasta meie lai valik pabertapeete, mis \u00fchendavad elegantsed mustrid, kaunid v\u00e4rvid ja ajatu stiili. Olgu sinu kodu linna s\u00fcdames korteris v\u00f5i rahulikus maakodus, meie tapeedid loovad ruumidesse hubasust, isikup\u00e4ra ja soojust.Muuda oma seinad elavaks! Vali tapeet, mis r\u00e4\u00e4gib sinu lugu.\" \/>\n<meta name=\"robots\" content=\"index, follow, max-snippet:-1, max-image-preview:large, max-video-preview:-1\" \/>\n<link rel=\"canonical\" href=\"https:\/\/interiorstore.eu\/en\/toode\/tapeet-belvedere-soft-truffle\/\" \/>\n<meta property=\"og:locale\" content=\"en_US\" \/>\n<meta property=\"og:type\" content=\"article\" \/>\n<meta property=\"og:title\" content=\"Tapeet Belvedere Soft Truffle | InteriorStore.eu\" \/>\n<meta property=\"og:description\" content=\"Avasta meie lai valik pabertapeete, mis \u00fchendavad elegantsed mustrid, kaunid v\u00e4rvid ja ajatu stiili. Olgu sinu kodu linna s\u00fcdames korteris v\u00f5i rahulikus maakodus, meie tapeedid loovad ruumidesse hubasust, isikup\u00e4ra ja soojust.Muuda oma seinad elavaks! Vali tapeet, mis r\u00e4\u00e4gib sinu lugu.\" \/>\n<meta property=\"og:url\" content=\"https:\/\/interiorstore.eu\/en\/toode\/tapeet-belvedere-soft-truffle\/\" \/>\n<meta property=\"og:site_name\" content=\"InteriorStore.eu\" \/>\n<meta property=\"article:modified_time\" content=\"2026-04-10T16:00:58+00:00\" \/>\n<meta property=\"og:image\" content=\"https:\/\/interiorstore.eu\/wp-content\/uploads\/2025\/07\/Tapeet-Tapeet-Belvedere-Soft-Truffle.jpg\" \/>\n\t<meta property=\"og:image:width\" content=\"2000\" \/>\n\t<meta property=\"og:image:height\" content=\"2000\" \/>\n\t<meta property=\"og:image:type\" content=\"image\/jpeg\" \/>\n<meta name=\"twitter:card\" content=\"summary_large_image\" \/>\n<meta name=\"twitter:label1\" content=\"Est. reading time\" \/>\n\t<meta name=\"twitter:data1\" content=\"1 minute\" \/>\n<script type=\"application\/ld+json\" class=\"yoast-schema-graph\">{\"@context\":\"https:\/\/schema.org\",\"@graph\":[{\"@type\":\"WebPage\",\"@id\":\"https:\/\/interiorstore.eu\/en\/toode\/tapeet-belvedere-soft-truffle\/\",\"url\":\"https:\/\/interiorstore.eu\/en\/toode\/tapeet-belvedere-soft-truffle\/\",\"name\":\"Tapeet Belvedere Soft Truffle | InteriorStore.eu\",\"isPartOf\":{\"@id\":\"https:\/\/interiorstore.eu\/en\/#website\"},\"primaryImageOfPage\":{\"@id\":\"https:\/\/interiorstore.eu\/en\/toode\/tapeet-belvedere-soft-truffle\/#primaryimage\"},\"image\":{\"@id\":\"https:\/\/interiorstore.eu\/en\/toode\/tapeet-belvedere-soft-truffle\/#primaryimage\"},\"thumbnailUrl\":\"https:\/\/interiorstore.eu\/wp-content\/uploads\/2025\/07\/Tapeet-Tapeet-Belvedere-Soft-Truffle.jpg\",\"datePublished\":\"2025-07-08T10:47:37+00:00\",\"dateModified\":\"2026-04-10T16:00:58+00:00\",\"description\":\"Avasta meie lai valik pabertapeete, mis \u00fchendavad elegantsed mustrid, kaunid v\u00e4rvid ja ajatu stiili. Olgu sinu kodu linna s\u00fcdames korteris v\u00f5i rahulikus maakodus, meie tapeedid loovad ruumidesse hubasust, isikup\u00e4ra ja soojust.Muuda oma seinad elavaks! Vali tapeet, mis r\u00e4\u00e4gib sinu lugu.\",\"breadcrumb\":{\"@id\":\"https:\/\/interiorstore.eu\/en\/toode\/tapeet-belvedere-soft-truffle\/#breadcrumb\"},\"inLanguage\":\"en-US\",\"potentialAction\":[{\"@type\":\"ReadAction\",\"target\":[\"https:\/\/interiorstore.eu\/en\/toode\/tapeet-belvedere-soft-truffle\/\"]}]},{\"@type\":\"ImageObject\",\"inLanguage\":\"en-US\",\"@id\":\"https:\/\/interiorstore.eu\/en\/toode\/tapeet-belvedere-soft-truffle\/#primaryimage\",\"url\":\"https:\/\/interiorstore.eu\/wp-content\/uploads\/2025\/07\/Tapeet-Tapeet-Belvedere-Soft-Truffle.jpg\",\"contentUrl\":\"https:\/\/interiorstore.eu\/wp-content\/uploads\/2025\/07\/Tapeet-Tapeet-Belvedere-Soft-Truffle.jpg\",\"width\":2000,\"height\":2000,\"caption\":\"Tapeet Belvedere Soft Truffle\"},{\"@type\":\"BreadcrumbList\",\"@id\":\"https:\/\/interiorstore.eu\/en\/toode\/tapeet-belvedere-soft-truffle\/#breadcrumb\",\"itemListElement\":[{\"@type\":\"ListItem\",\"position\":1,\"name\":\"Laura Ashley\",\"item\":\"https:\/\/interiorstore.eu\/en\/\"},{\"@type\":\"ListItem\",\"position\":2,\"name\":\"E-shop\",\"item\":\"https:\/\/interiorstore.eu\/en\/e-shop\/\"},{\"@type\":\"ListItem\",\"position\":3,\"name\":\"Wallpapers\",\"item\":\"https:\/\/interiorstore.eu\/en\/productcategory\/wallpapers\/\"},{\"@type\":\"ListItem\",\"position\":4,\"name\":\"Tapeet Belvedere Soft Truffle\"}]},{\"@type\":\"WebSite\",\"@id\":\"https:\/\/interiorstore.eu\/en\/#website\",\"url\":\"https:\/\/interiorstore.eu\/en\/\",\"name\":\"InteriorStore.eu\",\"description\":\"\",\"publisher\":{\"@id\":\"https:\/\/interiorstore.eu\/en\/#organization\"},\"potentialAction\":[{\"@type\":\"SearchAction\",\"target\":{\"@type\":\"EntryPoint\",\"urlTemplate\":\"https:\/\/interiorstore.eu\/en\/?s={search_term_string}\"},\"query-input\":{\"@type\":\"PropertyValueSpecification\",\"valueRequired\":true,\"valueName\":\"search_term_string\"}}],\"inLanguage\":\"en-US\"},{\"@type\":\"Organization\",\"@id\":\"https:\/\/interiorstore.eu\/en\/#organization\",\"name\":\"InteriorStore.eu\",\"url\":\"https:\/\/interiorstore.eu\/en\/\",\"logo\":{\"@type\":\"ImageObject\",\"inLanguage\":\"en-US\",\"@id\":\"https:\/\/interiorstore.eu\/en\/#\/schema\/logo\/image\/\",\"url\":\"https:\/\/interiorstore.eu\/wp-content\/uploads\/2021\/11\/logo-black-email-300x79-1.png\",\"contentUrl\":\"https:\/\/interiorstore.eu\/wp-content\/uploads\/2021\/11\/logo-black-email-300x79-1.png\",\"width\":300,\"height\":79,\"caption\":\"InteriorStore.eu\"},\"image\":{\"@id\":\"https:\/\/interiorstore.eu\/en\/#\/schema\/logo\/image\/\"}}]}<\/script>\n<!-- \/ Yoast SEO plugin. -->","yoast_head_json":{"title":"Tapeet Belvedere Soft Truffle | InteriorStore.eu","description":"Avasta meie lai valik pabertapeete, mis \u00fchendavad elegantsed mustrid, kaunid v\u00e4rvid ja ajatu stiili. Olgu sinu kodu linna s\u00fcdames korteris v\u00f5i rahulikus maakodus, meie tapeedid loovad ruumidesse hubasust, isikup\u00e4ra ja soojust.Muuda oma seinad elavaks! Vali tapeet, mis r\u00e4\u00e4gib sinu lugu.","robots":{"index":"index","follow":"follow","max-snippet":"max-snippet:-1","max-image-preview":"max-image-preview:large","max-video-preview":"max-video-preview:-1"},"canonical":"https:\/\/interiorstore.eu\/en\/toode\/tapeet-belvedere-soft-truffle\/","og_locale":"en_US","og_type":"article","og_title":"Tapeet Belvedere Soft Truffle | InteriorStore.eu","og_description":"Avasta meie lai valik pabertapeete, mis \u00fchendavad elegantsed mustrid, kaunid v\u00e4rvid ja ajatu stiili. Olgu sinu kodu linna s\u00fcdames korteris v\u00f5i rahulikus maakodus, meie tapeedid loovad ruumidesse hubasust, isikup\u00e4ra ja soojust.Muuda oma seinad elavaks! Vali tapeet, mis r\u00e4\u00e4gib sinu lugu.","og_url":"https:\/\/interiorstore.eu\/en\/toode\/tapeet-belvedere-soft-truffle\/","og_site_name":"InteriorStore.eu","article_modified_time":"2026-04-10T16:00:58+00:00","og_image":[{"width":2000,"height":2000,"url":"https:\/\/interiorstore.eu\/wp-content\/uploads\/2025\/07\/Tapeet-Tapeet-Belvedere-Soft-Truffle.jpg","type":"image\/jpeg"}],"twitter_card":"summary_large_image","twitter_misc":{"Est. reading time":"1 minute"},"schema":{"@context":"https:\/\/schema.org","@graph":[{"@type":"WebPage","@id":"https:\/\/interiorstore.eu\/en\/toode\/tapeet-belvedere-soft-truffle\/","url":"https:\/\/interiorstore.eu\/en\/toode\/tapeet-belvedere-soft-truffle\/","name":"Tapeet Belvedere Soft Truffle | InteriorStore.eu","isPartOf":{"@id":"https:\/\/interiorstore.eu\/en\/#website"},"primaryImageOfPage":{"@id":"https:\/\/interiorstore.eu\/en\/toode\/tapeet-belvedere-soft-truffle\/#primaryimage"},"image":{"@id":"https:\/\/interiorstore.eu\/en\/toode\/tapeet-belvedere-soft-truffle\/#primaryimage"},"thumbnailUrl":"https:\/\/interiorstore.eu\/wp-content\/uploads\/2025\/07\/Tapeet-Tapeet-Belvedere-Soft-Truffle.jpg","datePublished":"2025-07-08T10:47:37+00:00","dateModified":"2026-04-10T16:00:58+00:00","description":"Avasta meie lai valik pabertapeete, mis \u00fchendavad elegantsed mustrid, kaunid v\u00e4rvid ja ajatu stiili. Olgu sinu kodu linna s\u00fcdames korteris v\u00f5i rahulikus maakodus, meie tapeedid loovad ruumidesse hubasust, isikup\u00e4ra ja soojust.Muuda oma seinad elavaks! Vali tapeet, mis r\u00e4\u00e4gib sinu lugu.","breadcrumb":{"@id":"https:\/\/interiorstore.eu\/en\/toode\/tapeet-belvedere-soft-truffle\/#breadcrumb"},"inLanguage":"en-US","potentialAction":[{"@type":"ReadAction","target":["https:\/\/interiorstore.eu\/en\/toode\/tapeet-belvedere-soft-truffle\/"]}]},{"@type":"ImageObject","inLanguage":"en-US","@id":"https:\/\/interiorstore.eu\/en\/toode\/tapeet-belvedere-soft-truffle\/#primaryimage","url":"https:\/\/interiorstore.eu\/wp-content\/uploads\/2025\/07\/Tapeet-Tapeet-Belvedere-Soft-Truffle.jpg","contentUrl":"https:\/\/interiorstore.eu\/wp-content\/uploads\/2025\/07\/Tapeet-Tapeet-Belvedere-Soft-Truffle.jpg","width":2000,"height":2000,"caption":"Tapeet Belvedere Soft Truffle"},{"@type":"BreadcrumbList","@id":"https:\/\/interiorstore.eu\/en\/toode\/tapeet-belvedere-soft-truffle\/#breadcrumb","itemListElement":[{"@type":"ListItem","position":1,"name":"Laura Ashley","item":"https:\/\/interiorstore.eu\/en\/"},{"@type":"ListItem","position":2,"name":"E-shop","item":"https:\/\/interiorstore.eu\/en\/e-shop\/"},{"@type":"ListItem","position":3,"name":"Wallpapers","item":"https:\/\/interiorstore.eu\/en\/productcategory\/wallpapers\/"},{"@type":"ListItem","position":4,"name":"Tapeet Belvedere Soft Truffle"}]},{"@type":"WebSite","@id":"https:\/\/interiorstore.eu\/en\/#website","url":"https:\/\/interiorstore.eu\/en\/","name":"InteriorStore.eu","description":"","publisher":{"@id":"https:\/\/interiorstore.eu\/en\/#organization"},"potentialAction":[{"@type":"SearchAction","target":{"@type":"EntryPoint","urlTemplate":"https:\/\/interiorstore.eu\/en\/?s={search_term_string}"},"query-input":{"@type":"PropertyValueSpecification","valueRequired":true,"valueName":"search_term_string"}}],"inLanguage":"en-US"},{"@type":"Organization","@id":"https:\/\/interiorstore.eu\/en\/#organization","name":"InteriorStore.eu","url":"https:\/\/interiorstore.eu\/en\/","logo":{"@type":"ImageObject","inLanguage":"en-US","@id":"https:\/\/interiorstore.eu\/en\/#\/schema\/logo\/image\/","url":"https:\/\/interiorstore.eu\/wp-content\/uploads\/2021\/11\/logo-black-email-300x79-1.png","contentUrl":"https:\/\/interiorstore.eu\/wp-content\/uploads\/2021\/11\/logo-black-email-300x79-1.png","width":300,"height":79,"caption":"InteriorStore.eu"},"image":{"@id":"https:\/\/interiorstore.eu\/en\/#\/schema\/logo\/image\/"}}]}},"_links":{"self":[{"href":"https:\/\/interiorstore.eu\/en\/wp-json\/wp\/v2\/product\/161807","targetHints":{"allow":["GET"]}}],"collection":[{"href":"https:\/\/interiorstore.eu\/en\/wp-json\/wp\/v2\/product"}],"about":[{"href":"https:\/\/interiorstore.eu\/en\/wp-json\/wp\/v2\/types\/product"}],"wp:featuredmedia":[{"embeddable":true,"href":"https:\/\/interiorstore.eu\/en\/wp-json\/wp\/v2\/media\/161812"}],"wp:attachment":[{"href":"https:\/\/interiorstore.eu\/en\/wp-json\/wp\/v2\/media?parent=161807"}],"wp:term":[{"taxonomy":"product_brand","embeddable":true,"href":"https:\/\/interiorstore.eu\/en\/wp-json\/wp\/v2\/product_brand?post=161807"},{"taxonomy":"product_cat","embeddable":true,"href":"https:\/\/interiorstore.eu\/en\/wp-json\/wp\/v2\/product_cat?post=161807"},{"taxonomy":"product_tag","embeddable":true,"href":"https:\/\/interiorstore.eu\/en\/wp-json\/wp\/v2\/product_tag?post=161807"}],"curies":[{"name":"wp","href":"https:\/\/api.w.org\/{rel}","templated":true}]}}