{"id":161985,"date":"2025-07-21T14:47:30","date_gmt":"2025-07-21T11:47:30","guid":{"rendered":"https:\/\/interiorstore.eu\/?post_type=product&#038;p=161985"},"modified":"2026-04-10T19:00:57","modified_gmt":"2026-04-10T16:00:57","slug":"soogitoolide-komplekt-blaine-green","status":"publish","type":"product","link":"https:\/\/interiorstore.eu\/en\/toode\/soogitoolide-komplekt-blaine-green\/","title":{"rendered":"S\u00f6\u00f6gitoolide komplekt Blaine Green"},"content":{"rendered":"<p>Blaine s\u00f6\u00f6gitoolide komplekt toob sinu koju kaasaegse disaini ja ajatult puhta joonega elegantsi. Toolide pehme polsterdus ja ergonoomiline kuju tagavad istumismugavuse, samas kui minimalistlik disain ja kvaliteetsed materjalid muudavad need sobivaks igasse interj\u00f6\u00f6ri \u2013 olgu see modernne, skandinaavialik v\u00f5i industriaalne.<\/p>\n","protected":false},"excerpt":{"rendered":"<p>Blaine s\u00f6\u00f6gitoolide komplekt toob sinu koju kaasaegse disaini ja ajatult puhta joonega elegantsi. Toolide pehme polsterdus ja ergonoomiline kuju tagavad<\/p>\n","protected":false},"featured_media":161986,"template":"","meta":[],"product_brand":[],"product_cat":[478,7196,3261],"product_tag":[],"class_list":{"0":"post-161985","1":"product","2":"type-product","3":"status-publish","4":"has-post-thumbnail","6":"product_cat-moobel","7":"product_cat-toolid","8":"product_cat-soogitoolid","9":"product_shipping_class-suured-asjad","11":"first","12":"onbackorder","13":"sale","14":"taxable","15":"shipping-taxable","16":"purchasable","17":"product-type-simple"},"acf":[],"yoast_head":"<!-- This site is optimized with the Yoast SEO plugin v24.9 - https:\/\/yoast.com\/wordpress\/plugins\/seo\/ -->\n<title>S\u00f6\u00f6gitoolide komplekt Blaine Green | InteriorStore.eu<\/title>\n<meta name=\"description\" content=\"Blaine s\u00f6\u00f6gitoolide komplekt toob sinu koju kaasaegse disaini ja ajatult puhta joonega elegantsi. Toolide pehme polsterdus ja ergonoomiline kuju tagavad istumismugavuse, samas kui minimalistlik disain ja kvaliteetsed materjalid muudavad need sobivaks igasse interj\u00f6\u00f6ri \u2013 olgu see modernne, skandinaavialik v\u00f5i industriaalne.\" \/>\n<meta name=\"robots\" content=\"index, follow, max-snippet:-1, max-image-preview:large, max-video-preview:-1\" \/>\n<link rel=\"canonical\" href=\"https:\/\/interiorstore.eu\/en\/toode\/soogitoolide-komplekt-blaine-green\/\" \/>\n<meta property=\"og:locale\" content=\"en_US\" \/>\n<meta property=\"og:type\" content=\"article\" \/>\n<meta property=\"og:title\" content=\"S\u00f6\u00f6gitoolide komplekt Blaine Green | InteriorStore.eu\" \/>\n<meta property=\"og:description\" content=\"Blaine s\u00f6\u00f6gitoolide komplekt toob sinu koju kaasaegse disaini ja ajatult puhta joonega elegantsi. Toolide pehme polsterdus ja ergonoomiline kuju tagavad istumismugavuse, samas kui minimalistlik disain ja kvaliteetsed materjalid muudavad need sobivaks igasse interj\u00f6\u00f6ri \u2013 olgu see modernne, skandinaavialik v\u00f5i industriaalne.\" \/>\n<meta property=\"og:url\" content=\"https:\/\/interiorstore.eu\/en\/toode\/soogitoolide-komplekt-blaine-green\/\" \/>\n<meta property=\"og:site_name\" content=\"InteriorStore.eu\" \/>\n<meta property=\"article:modified_time\" content=\"2026-04-10T16:00:57+00:00\" \/>\n<meta property=\"og:image\" content=\"https:\/\/interiorstore.eu\/wp-content\/uploads\/2025\/07\/Soogitoolide-komplekt-Blaine-Green.jpg\" \/>\n\t<meta property=\"og:image:width\" content=\"1500\" \/>\n\t<meta property=\"og:image:height\" content=\"1500\" \/>\n\t<meta property=\"og:image:type\" content=\"image\/jpeg\" \/>\n<meta name=\"twitter:card\" content=\"summary_large_image\" \/>\n<meta name=\"twitter:label1\" content=\"Est. reading time\" \/>\n\t<meta name=\"twitter:data1\" content=\"1 minute\" \/>\n<script type=\"application\/ld+json\" class=\"yoast-schema-graph\">{\"@context\":\"https:\/\/schema.org\",\"@graph\":[{\"@type\":\"WebPage\",\"@id\":\"https:\/\/interiorstore.eu\/en\/toode\/soogitoolide-komplekt-blaine-green\/\",\"url\":\"https:\/\/interiorstore.eu\/en\/toode\/soogitoolide-komplekt-blaine-green\/\",\"name\":\"S\u00f6\u00f6gitoolide komplekt Blaine Green | InteriorStore.eu\",\"isPartOf\":{\"@id\":\"https:\/\/interiorstore.eu\/en\/#website\"},\"primaryImageOfPage\":{\"@id\":\"https:\/\/interiorstore.eu\/en\/toode\/soogitoolide-komplekt-blaine-green\/#primaryimage\"},\"image\":{\"@id\":\"https:\/\/interiorstore.eu\/en\/toode\/soogitoolide-komplekt-blaine-green\/#primaryimage\"},\"thumbnailUrl\":\"https:\/\/interiorstore.eu\/wp-content\/uploads\/2025\/07\/Soogitoolide-komplekt-Blaine-Green.jpg\",\"datePublished\":\"2025-07-21T11:47:30+00:00\",\"dateModified\":\"2026-04-10T16:00:57+00:00\",\"description\":\"Blaine s\u00f6\u00f6gitoolide komplekt toob sinu koju kaasaegse disaini ja ajatult puhta joonega elegantsi. Toolide pehme polsterdus ja ergonoomiline kuju tagavad istumismugavuse, samas kui minimalistlik disain ja kvaliteetsed materjalid muudavad need sobivaks igasse interj\u00f6\u00f6ri \u2013 olgu see modernne, skandinaavialik v\u00f5i industriaalne.\",\"breadcrumb\":{\"@id\":\"https:\/\/interiorstore.eu\/en\/toode\/soogitoolide-komplekt-blaine-green\/#breadcrumb\"},\"inLanguage\":\"en-US\",\"potentialAction\":[{\"@type\":\"ReadAction\",\"target\":[\"https:\/\/interiorstore.eu\/en\/toode\/soogitoolide-komplekt-blaine-green\/\"]}]},{\"@type\":\"ImageObject\",\"inLanguage\":\"en-US\",\"@id\":\"https:\/\/interiorstore.eu\/en\/toode\/soogitoolide-komplekt-blaine-green\/#primaryimage\",\"url\":\"https:\/\/interiorstore.eu\/wp-content\/uploads\/2025\/07\/Soogitoolide-komplekt-Blaine-Green.jpg\",\"contentUrl\":\"https:\/\/interiorstore.eu\/wp-content\/uploads\/2025\/07\/Soogitoolide-komplekt-Blaine-Green.jpg\",\"width\":1500,\"height\":1500,\"caption\":\"S\u00f6\u00f6gitoolide komplekt Blaine Green\"},{\"@type\":\"BreadcrumbList\",\"@id\":\"https:\/\/interiorstore.eu\/en\/toode\/soogitoolide-komplekt-blaine-green\/#breadcrumb\",\"itemListElement\":[{\"@type\":\"ListItem\",\"position\":1,\"name\":\"Laura Ashley\",\"item\":\"https:\/\/interiorstore.eu\/en\/\"},{\"@type\":\"ListItem\",\"position\":2,\"name\":\"E-shop\",\"item\":\"https:\/\/interiorstore.eu\/en\/e-shop\/\"},{\"@type\":\"ListItem\",\"position\":3,\"name\":\"Furniture\",\"item\":\"https:\/\/interiorstore.eu\/en\/productcategory\/furniture\/\"},{\"@type\":\"ListItem\",\"position\":4,\"name\":\"S\u00f6\u00f6gitoolide komplekt Blaine Green\"}]},{\"@type\":\"WebSite\",\"@id\":\"https:\/\/interiorstore.eu\/en\/#website\",\"url\":\"https:\/\/interiorstore.eu\/en\/\",\"name\":\"InteriorStore.eu\",\"description\":\"\",\"publisher\":{\"@id\":\"https:\/\/interiorstore.eu\/en\/#organization\"},\"potentialAction\":[{\"@type\":\"SearchAction\",\"target\":{\"@type\":\"EntryPoint\",\"urlTemplate\":\"https:\/\/interiorstore.eu\/en\/?s={search_term_string}\"},\"query-input\":{\"@type\":\"PropertyValueSpecification\",\"valueRequired\":true,\"valueName\":\"search_term_string\"}}],\"inLanguage\":\"en-US\"},{\"@type\":\"Organization\",\"@id\":\"https:\/\/interiorstore.eu\/en\/#organization\",\"name\":\"InteriorStore.eu\",\"url\":\"https:\/\/interiorstore.eu\/en\/\",\"logo\":{\"@type\":\"ImageObject\",\"inLanguage\":\"en-US\",\"@id\":\"https:\/\/interiorstore.eu\/en\/#\/schema\/logo\/image\/\",\"url\":\"https:\/\/interiorstore.eu\/wp-content\/uploads\/2021\/11\/logo-black-email-300x79-1.png\",\"contentUrl\":\"https:\/\/interiorstore.eu\/wp-content\/uploads\/2021\/11\/logo-black-email-300x79-1.png\",\"width\":300,\"height\":79,\"caption\":\"InteriorStore.eu\"},\"image\":{\"@id\":\"https:\/\/interiorstore.eu\/en\/#\/schema\/logo\/image\/\"}}]}<\/script>\n<!-- \/ Yoast SEO plugin. -->","yoast_head_json":{"title":"S\u00f6\u00f6gitoolide komplekt Blaine Green | InteriorStore.eu","description":"Blaine s\u00f6\u00f6gitoolide komplekt toob sinu koju kaasaegse disaini ja ajatult puhta joonega elegantsi. Toolide pehme polsterdus ja ergonoomiline kuju tagavad istumismugavuse, samas kui minimalistlik disain ja kvaliteetsed materjalid muudavad need sobivaks igasse interj\u00f6\u00f6ri \u2013 olgu see modernne, skandinaavialik v\u00f5i industriaalne.","robots":{"index":"index","follow":"follow","max-snippet":"max-snippet:-1","max-image-preview":"max-image-preview:large","max-video-preview":"max-video-preview:-1"},"canonical":"https:\/\/interiorstore.eu\/en\/toode\/soogitoolide-komplekt-blaine-green\/","og_locale":"en_US","og_type":"article","og_title":"S\u00f6\u00f6gitoolide komplekt Blaine Green | InteriorStore.eu","og_description":"Blaine s\u00f6\u00f6gitoolide komplekt toob sinu koju kaasaegse disaini ja ajatult puhta joonega elegantsi. Toolide pehme polsterdus ja ergonoomiline kuju tagavad istumismugavuse, samas kui minimalistlik disain ja kvaliteetsed materjalid muudavad need sobivaks igasse interj\u00f6\u00f6ri \u2013 olgu see modernne, skandinaavialik v\u00f5i industriaalne.","og_url":"https:\/\/interiorstore.eu\/en\/toode\/soogitoolide-komplekt-blaine-green\/","og_site_name":"InteriorStore.eu","article_modified_time":"2026-04-10T16:00:57+00:00","og_image":[{"width":1500,"height":1500,"url":"https:\/\/interiorstore.eu\/wp-content\/uploads\/2025\/07\/Soogitoolide-komplekt-Blaine-Green.jpg","type":"image\/jpeg"}],"twitter_card":"summary_large_image","twitter_misc":{"Est. reading time":"1 minute"},"schema":{"@context":"https:\/\/schema.org","@graph":[{"@type":"WebPage","@id":"https:\/\/interiorstore.eu\/en\/toode\/soogitoolide-komplekt-blaine-green\/","url":"https:\/\/interiorstore.eu\/en\/toode\/soogitoolide-komplekt-blaine-green\/","name":"S\u00f6\u00f6gitoolide komplekt Blaine Green | InteriorStore.eu","isPartOf":{"@id":"https:\/\/interiorstore.eu\/en\/#website"},"primaryImageOfPage":{"@id":"https:\/\/interiorstore.eu\/en\/toode\/soogitoolide-komplekt-blaine-green\/#primaryimage"},"image":{"@id":"https:\/\/interiorstore.eu\/en\/toode\/soogitoolide-komplekt-blaine-green\/#primaryimage"},"thumbnailUrl":"https:\/\/interiorstore.eu\/wp-content\/uploads\/2025\/07\/Soogitoolide-komplekt-Blaine-Green.jpg","datePublished":"2025-07-21T11:47:30+00:00","dateModified":"2026-04-10T16:00:57+00:00","description":"Blaine s\u00f6\u00f6gitoolide komplekt toob sinu koju kaasaegse disaini ja ajatult puhta joonega elegantsi. Toolide pehme polsterdus ja ergonoomiline kuju tagavad istumismugavuse, samas kui minimalistlik disain ja kvaliteetsed materjalid muudavad need sobivaks igasse interj\u00f6\u00f6ri \u2013 olgu see modernne, skandinaavialik v\u00f5i industriaalne.","breadcrumb":{"@id":"https:\/\/interiorstore.eu\/en\/toode\/soogitoolide-komplekt-blaine-green\/#breadcrumb"},"inLanguage":"en-US","potentialAction":[{"@type":"ReadAction","target":["https:\/\/interiorstore.eu\/en\/toode\/soogitoolide-komplekt-blaine-green\/"]}]},{"@type":"ImageObject","inLanguage":"en-US","@id":"https:\/\/interiorstore.eu\/en\/toode\/soogitoolide-komplekt-blaine-green\/#primaryimage","url":"https:\/\/interiorstore.eu\/wp-content\/uploads\/2025\/07\/Soogitoolide-komplekt-Blaine-Green.jpg","contentUrl":"https:\/\/interiorstore.eu\/wp-content\/uploads\/2025\/07\/Soogitoolide-komplekt-Blaine-Green.jpg","width":1500,"height":1500,"caption":"S\u00f6\u00f6gitoolide komplekt Blaine Green"},{"@type":"BreadcrumbList","@id":"https:\/\/interiorstore.eu\/en\/toode\/soogitoolide-komplekt-blaine-green\/#breadcrumb","itemListElement":[{"@type":"ListItem","position":1,"name":"Laura Ashley","item":"https:\/\/interiorstore.eu\/en\/"},{"@type":"ListItem","position":2,"name":"E-shop","item":"https:\/\/interiorstore.eu\/en\/e-shop\/"},{"@type":"ListItem","position":3,"name":"Furniture","item":"https:\/\/interiorstore.eu\/en\/productcategory\/furniture\/"},{"@type":"ListItem","position":4,"name":"S\u00f6\u00f6gitoolide komplekt Blaine Green"}]},{"@type":"WebSite","@id":"https:\/\/interiorstore.eu\/en\/#website","url":"https:\/\/interiorstore.eu\/en\/","name":"InteriorStore.eu","description":"","publisher":{"@id":"https:\/\/interiorstore.eu\/en\/#organization"},"potentialAction":[{"@type":"SearchAction","target":{"@type":"EntryPoint","urlTemplate":"https:\/\/interiorstore.eu\/en\/?s={search_term_string}"},"query-input":{"@type":"PropertyValueSpecification","valueRequired":true,"valueName":"search_term_string"}}],"inLanguage":"en-US"},{"@type":"Organization","@id":"https:\/\/interiorstore.eu\/en\/#organization","name":"InteriorStore.eu","url":"https:\/\/interiorstore.eu\/en\/","logo":{"@type":"ImageObject","inLanguage":"en-US","@id":"https:\/\/interiorstore.eu\/en\/#\/schema\/logo\/image\/","url":"https:\/\/interiorstore.eu\/wp-content\/uploads\/2021\/11\/logo-black-email-300x79-1.png","contentUrl":"https:\/\/interiorstore.eu\/wp-content\/uploads\/2021\/11\/logo-black-email-300x79-1.png","width":300,"height":79,"caption":"InteriorStore.eu"},"image":{"@id":"https:\/\/interiorstore.eu\/en\/#\/schema\/logo\/image\/"}}]}},"_links":{"self":[{"href":"https:\/\/interiorstore.eu\/en\/wp-json\/wp\/v2\/product\/161985","targetHints":{"allow":["GET"]}}],"collection":[{"href":"https:\/\/interiorstore.eu\/en\/wp-json\/wp\/v2\/product"}],"about":[{"href":"https:\/\/interiorstore.eu\/en\/wp-json\/wp\/v2\/types\/product"}],"wp:featuredmedia":[{"embeddable":true,"href":"https:\/\/interiorstore.eu\/en\/wp-json\/wp\/v2\/media\/161986"}],"wp:attachment":[{"href":"https:\/\/interiorstore.eu\/en\/wp-json\/wp\/v2\/media?parent=161985"}],"wp:term":[{"taxonomy":"product_brand","embeddable":true,"href":"https:\/\/interiorstore.eu\/en\/wp-json\/wp\/v2\/product_brand?post=161985"},{"taxonomy":"product_cat","embeddable":true,"href":"https:\/\/interiorstore.eu\/en\/wp-json\/wp\/v2\/product_cat?post=161985"},{"taxonomy":"product_tag","embeddable":true,"href":"https:\/\/interiorstore.eu\/en\/wp-json\/wp\/v2\/product_tag?post=161985"}],"curies":[{"name":"wp","href":"https:\/\/api.w.org\/{rel}","templated":true}]}}