{"id":162944,"date":"2025-08-26T13:49:06","date_gmt":"2025-08-26T10:49:06","guid":{"rendered":"https:\/\/interiorstore.eu\/?post_type=product&#038;p=162944"},"modified":"2026-04-14T19:00:17","modified_gmt":"2026-04-14T16:00:17","slug":"laualamp-surin-olive","status":"publish","type":"product","link":"https:\/\/interiorstore.eu\/en\/toode\/laualamp-surin-olive\/","title":{"rendered":"Laualamp Surin Olive"},"content":{"rendered":"<p>Surin laualamp \u2013 stiilne ja elegantne valik sinu interj\u00f6\u00f6ri.Too oma ruumi luksuslikku soojust ja modernset elegantsi Surin laualambiga. Minimalistlik kuju, s\u00fcgav toon ja kuldsed detailid loovad ajatu ilme, mis sobib nii kodukontorisse, elutuppa kui magamistuppa. T\u00e4iuslik tasakaal funktsionaalsuse ja disaini vahel \u2013 see lamp ei valgusta ainult ruumi, vaid ka sinu stiili.<\/p>\n","protected":false},"excerpt":{"rendered":"<p>Surin laualamp \u2013 stiilne ja elegantne valik sinu interj\u00f6\u00f6ri.Too oma ruumi luksuslikku soojust ja modernset elegantsi Surin laualambiga. Minimalistlik kuju,<\/p>\n","protected":false},"featured_media":162945,"template":"","meta":[],"product_brand":[],"product_cat":[481,498],"product_tag":[],"class_list":{"0":"post-162944","1":"product","2":"type-product","3":"status-publish","4":"has-post-thumbnail","6":"product_cat-valgustid","7":"product_cat-laualambid","8":"product_shipping_class-suured-asjad","10":"first","11":"instock","12":"sale","13":"taxable","14":"shipping-taxable","15":"purchasable","16":"product-type-simple"},"acf":[],"yoast_head":"<!-- This site is optimized with the Yoast SEO plugin v24.9 - https:\/\/yoast.com\/wordpress\/plugins\/seo\/ -->\n<title>Laualamp Surin Olive | InteriorStore.eu<\/title>\n<meta name=\"description\" content=\"Surin laualamp \u2013 stiilne ja elegantne valik sinu interj\u00f6\u00f6ri.Too oma ruumi luksuslikku soojust ja modernset elegantsi Surin laualambiga. Minimalistlik kuju, s\u00fcgav toon ja kuldsed detailid loovad ajatu ilme, mis sobib nii kodukontorisse, elutuppa kui magamistuppa. T\u00e4iuslik tasakaal funktsionaalsuse ja disaini vahel \u2013 see lamp ei valgusta ainult ruumi, vaid ka sinu stiili.\" \/>\n<meta name=\"robots\" content=\"index, follow, max-snippet:-1, max-image-preview:large, max-video-preview:-1\" \/>\n<link rel=\"canonical\" href=\"https:\/\/interiorstore.eu\/en\/toode\/laualamp-surin-olive\/\" \/>\n<meta property=\"og:locale\" content=\"en_US\" \/>\n<meta property=\"og:type\" content=\"article\" \/>\n<meta property=\"og:title\" content=\"Laualamp Surin Olive | InteriorStore.eu\" \/>\n<meta property=\"og:description\" content=\"Surin laualamp \u2013 stiilne ja elegantne valik sinu interj\u00f6\u00f6ri.Too oma ruumi luksuslikku soojust ja modernset elegantsi Surin laualambiga. Minimalistlik kuju, s\u00fcgav toon ja kuldsed detailid loovad ajatu ilme, mis sobib nii kodukontorisse, elutuppa kui magamistuppa. T\u00e4iuslik tasakaal funktsionaalsuse ja disaini vahel \u2013 see lamp ei valgusta ainult ruumi, vaid ka sinu stiili.\" \/>\n<meta property=\"og:url\" content=\"https:\/\/interiorstore.eu\/en\/toode\/laualamp-surin-olive\/\" \/>\n<meta property=\"og:site_name\" content=\"InteriorStore.eu\" \/>\n<meta property=\"article:modified_time\" content=\"2026-04-14T16:00:17+00:00\" \/>\n<meta property=\"og:image\" content=\"https:\/\/interiorstore.eu\/wp-content\/uploads\/2025\/08\/Laualamp-Surin-Olive.jpg\" \/>\n\t<meta property=\"og:image:width\" content=\"1500\" \/>\n\t<meta property=\"og:image:height\" content=\"1500\" \/>\n\t<meta property=\"og:image:type\" content=\"image\/jpeg\" \/>\n<meta name=\"twitter:card\" content=\"summary_large_image\" \/>\n<meta name=\"twitter:label1\" content=\"Est. reading time\" \/>\n\t<meta name=\"twitter:data1\" content=\"1 minute\" \/>\n<script type=\"application\/ld+json\" class=\"yoast-schema-graph\">{\"@context\":\"https:\/\/schema.org\",\"@graph\":[{\"@type\":\"WebPage\",\"@id\":\"https:\/\/interiorstore.eu\/en\/toode\/laualamp-surin-olive\/\",\"url\":\"https:\/\/interiorstore.eu\/en\/toode\/laualamp-surin-olive\/\",\"name\":\"Laualamp Surin Olive | InteriorStore.eu\",\"isPartOf\":{\"@id\":\"https:\/\/interiorstore.eu\/en\/#website\"},\"primaryImageOfPage\":{\"@id\":\"https:\/\/interiorstore.eu\/en\/toode\/laualamp-surin-olive\/#primaryimage\"},\"image\":{\"@id\":\"https:\/\/interiorstore.eu\/en\/toode\/laualamp-surin-olive\/#primaryimage\"},\"thumbnailUrl\":\"https:\/\/interiorstore.eu\/wp-content\/uploads\/2025\/08\/Laualamp-Surin-Olive.jpg\",\"datePublished\":\"2025-08-26T10:49:06+00:00\",\"dateModified\":\"2026-04-14T16:00:17+00:00\",\"description\":\"Surin laualamp \u2013 stiilne ja elegantne valik sinu interj\u00f6\u00f6ri.Too oma ruumi luksuslikku soojust ja modernset elegantsi Surin laualambiga. Minimalistlik kuju, s\u00fcgav toon ja kuldsed detailid loovad ajatu ilme, mis sobib nii kodukontorisse, elutuppa kui magamistuppa. T\u00e4iuslik tasakaal funktsionaalsuse ja disaini vahel \u2013 see lamp ei valgusta ainult ruumi, vaid ka sinu stiili.\",\"breadcrumb\":{\"@id\":\"https:\/\/interiorstore.eu\/en\/toode\/laualamp-surin-olive\/#breadcrumb\"},\"inLanguage\":\"en-US\",\"potentialAction\":[{\"@type\":\"ReadAction\",\"target\":[\"https:\/\/interiorstore.eu\/en\/toode\/laualamp-surin-olive\/\"]}]},{\"@type\":\"ImageObject\",\"inLanguage\":\"en-US\",\"@id\":\"https:\/\/interiorstore.eu\/en\/toode\/laualamp-surin-olive\/#primaryimage\",\"url\":\"https:\/\/interiorstore.eu\/wp-content\/uploads\/2025\/08\/Laualamp-Surin-Olive.jpg\",\"contentUrl\":\"https:\/\/interiorstore.eu\/wp-content\/uploads\/2025\/08\/Laualamp-Surin-Olive.jpg\",\"width\":1500,\"height\":1500,\"caption\":\"Laualamp Surin Olive\"},{\"@type\":\"BreadcrumbList\",\"@id\":\"https:\/\/interiorstore.eu\/en\/toode\/laualamp-surin-olive\/#breadcrumb\",\"itemListElement\":[{\"@type\":\"ListItem\",\"position\":1,\"name\":\"Laura Ashley\",\"item\":\"https:\/\/interiorstore.eu\/en\/\"},{\"@type\":\"ListItem\",\"position\":2,\"name\":\"E-shop\",\"item\":\"https:\/\/interiorstore.eu\/en\/e-shop\/\"},{\"@type\":\"ListItem\",\"position\":3,\"name\":\"Lighting\",\"item\":\"https:\/\/interiorstore.eu\/en\/productcategory\/lighting-fittings\/\"},{\"@type\":\"ListItem\",\"position\":4,\"name\":\"Laualamp Surin Olive\"}]},{\"@type\":\"WebSite\",\"@id\":\"https:\/\/interiorstore.eu\/en\/#website\",\"url\":\"https:\/\/interiorstore.eu\/en\/\",\"name\":\"InteriorStore.eu\",\"description\":\"\",\"publisher\":{\"@id\":\"https:\/\/interiorstore.eu\/en\/#organization\"},\"potentialAction\":[{\"@type\":\"SearchAction\",\"target\":{\"@type\":\"EntryPoint\",\"urlTemplate\":\"https:\/\/interiorstore.eu\/en\/?s={search_term_string}\"},\"query-input\":{\"@type\":\"PropertyValueSpecification\",\"valueRequired\":true,\"valueName\":\"search_term_string\"}}],\"inLanguage\":\"en-US\"},{\"@type\":\"Organization\",\"@id\":\"https:\/\/interiorstore.eu\/en\/#organization\",\"name\":\"InteriorStore.eu\",\"url\":\"https:\/\/interiorstore.eu\/en\/\",\"logo\":{\"@type\":\"ImageObject\",\"inLanguage\":\"en-US\",\"@id\":\"https:\/\/interiorstore.eu\/en\/#\/schema\/logo\/image\/\",\"url\":\"https:\/\/interiorstore.eu\/wp-content\/uploads\/2021\/11\/logo-black-email-300x79-1.png\",\"contentUrl\":\"https:\/\/interiorstore.eu\/wp-content\/uploads\/2021\/11\/logo-black-email-300x79-1.png\",\"width\":300,\"height\":79,\"caption\":\"InteriorStore.eu\"},\"image\":{\"@id\":\"https:\/\/interiorstore.eu\/en\/#\/schema\/logo\/image\/\"}}]}<\/script>\n<!-- \/ Yoast SEO plugin. -->","yoast_head_json":{"title":"Laualamp Surin Olive | InteriorStore.eu","description":"Surin laualamp \u2013 stiilne ja elegantne valik sinu interj\u00f6\u00f6ri.Too oma ruumi luksuslikku soojust ja modernset elegantsi Surin laualambiga. Minimalistlik kuju, s\u00fcgav toon ja kuldsed detailid loovad ajatu ilme, mis sobib nii kodukontorisse, elutuppa kui magamistuppa. T\u00e4iuslik tasakaal funktsionaalsuse ja disaini vahel \u2013 see lamp ei valgusta ainult ruumi, vaid ka sinu stiili.","robots":{"index":"index","follow":"follow","max-snippet":"max-snippet:-1","max-image-preview":"max-image-preview:large","max-video-preview":"max-video-preview:-1"},"canonical":"https:\/\/interiorstore.eu\/en\/toode\/laualamp-surin-olive\/","og_locale":"en_US","og_type":"article","og_title":"Laualamp Surin Olive | InteriorStore.eu","og_description":"Surin laualamp \u2013 stiilne ja elegantne valik sinu interj\u00f6\u00f6ri.Too oma ruumi luksuslikku soojust ja modernset elegantsi Surin laualambiga. Minimalistlik kuju, s\u00fcgav toon ja kuldsed detailid loovad ajatu ilme, mis sobib nii kodukontorisse, elutuppa kui magamistuppa. T\u00e4iuslik tasakaal funktsionaalsuse ja disaini vahel \u2013 see lamp ei valgusta ainult ruumi, vaid ka sinu stiili.","og_url":"https:\/\/interiorstore.eu\/en\/toode\/laualamp-surin-olive\/","og_site_name":"InteriorStore.eu","article_modified_time":"2026-04-14T16:00:17+00:00","og_image":[{"width":1500,"height":1500,"url":"https:\/\/interiorstore.eu\/wp-content\/uploads\/2025\/08\/Laualamp-Surin-Olive.jpg","type":"image\/jpeg"}],"twitter_card":"summary_large_image","twitter_misc":{"Est. reading time":"1 minute"},"schema":{"@context":"https:\/\/schema.org","@graph":[{"@type":"WebPage","@id":"https:\/\/interiorstore.eu\/en\/toode\/laualamp-surin-olive\/","url":"https:\/\/interiorstore.eu\/en\/toode\/laualamp-surin-olive\/","name":"Laualamp Surin Olive | InteriorStore.eu","isPartOf":{"@id":"https:\/\/interiorstore.eu\/en\/#website"},"primaryImageOfPage":{"@id":"https:\/\/interiorstore.eu\/en\/toode\/laualamp-surin-olive\/#primaryimage"},"image":{"@id":"https:\/\/interiorstore.eu\/en\/toode\/laualamp-surin-olive\/#primaryimage"},"thumbnailUrl":"https:\/\/interiorstore.eu\/wp-content\/uploads\/2025\/08\/Laualamp-Surin-Olive.jpg","datePublished":"2025-08-26T10:49:06+00:00","dateModified":"2026-04-14T16:00:17+00:00","description":"Surin laualamp \u2013 stiilne ja elegantne valik sinu interj\u00f6\u00f6ri.Too oma ruumi luksuslikku soojust ja modernset elegantsi Surin laualambiga. Minimalistlik kuju, s\u00fcgav toon ja kuldsed detailid loovad ajatu ilme, mis sobib nii kodukontorisse, elutuppa kui magamistuppa. T\u00e4iuslik tasakaal funktsionaalsuse ja disaini vahel \u2013 see lamp ei valgusta ainult ruumi, vaid ka sinu stiili.","breadcrumb":{"@id":"https:\/\/interiorstore.eu\/en\/toode\/laualamp-surin-olive\/#breadcrumb"},"inLanguage":"en-US","potentialAction":[{"@type":"ReadAction","target":["https:\/\/interiorstore.eu\/en\/toode\/laualamp-surin-olive\/"]}]},{"@type":"ImageObject","inLanguage":"en-US","@id":"https:\/\/interiorstore.eu\/en\/toode\/laualamp-surin-olive\/#primaryimage","url":"https:\/\/interiorstore.eu\/wp-content\/uploads\/2025\/08\/Laualamp-Surin-Olive.jpg","contentUrl":"https:\/\/interiorstore.eu\/wp-content\/uploads\/2025\/08\/Laualamp-Surin-Olive.jpg","width":1500,"height":1500,"caption":"Laualamp Surin Olive"},{"@type":"BreadcrumbList","@id":"https:\/\/interiorstore.eu\/en\/toode\/laualamp-surin-olive\/#breadcrumb","itemListElement":[{"@type":"ListItem","position":1,"name":"Laura Ashley","item":"https:\/\/interiorstore.eu\/en\/"},{"@type":"ListItem","position":2,"name":"E-shop","item":"https:\/\/interiorstore.eu\/en\/e-shop\/"},{"@type":"ListItem","position":3,"name":"Lighting","item":"https:\/\/interiorstore.eu\/en\/productcategory\/lighting-fittings\/"},{"@type":"ListItem","position":4,"name":"Laualamp Surin Olive"}]},{"@type":"WebSite","@id":"https:\/\/interiorstore.eu\/en\/#website","url":"https:\/\/interiorstore.eu\/en\/","name":"InteriorStore.eu","description":"","publisher":{"@id":"https:\/\/interiorstore.eu\/en\/#organization"},"potentialAction":[{"@type":"SearchAction","target":{"@type":"EntryPoint","urlTemplate":"https:\/\/interiorstore.eu\/en\/?s={search_term_string}"},"query-input":{"@type":"PropertyValueSpecification","valueRequired":true,"valueName":"search_term_string"}}],"inLanguage":"en-US"},{"@type":"Organization","@id":"https:\/\/interiorstore.eu\/en\/#organization","name":"InteriorStore.eu","url":"https:\/\/interiorstore.eu\/en\/","logo":{"@type":"ImageObject","inLanguage":"en-US","@id":"https:\/\/interiorstore.eu\/en\/#\/schema\/logo\/image\/","url":"https:\/\/interiorstore.eu\/wp-content\/uploads\/2021\/11\/logo-black-email-300x79-1.png","contentUrl":"https:\/\/interiorstore.eu\/wp-content\/uploads\/2021\/11\/logo-black-email-300x79-1.png","width":300,"height":79,"caption":"InteriorStore.eu"},"image":{"@id":"https:\/\/interiorstore.eu\/en\/#\/schema\/logo\/image\/"}}]}},"_links":{"self":[{"href":"https:\/\/interiorstore.eu\/en\/wp-json\/wp\/v2\/product\/162944","targetHints":{"allow":["GET"]}}],"collection":[{"href":"https:\/\/interiorstore.eu\/en\/wp-json\/wp\/v2\/product"}],"about":[{"href":"https:\/\/interiorstore.eu\/en\/wp-json\/wp\/v2\/types\/product"}],"wp:featuredmedia":[{"embeddable":true,"href":"https:\/\/interiorstore.eu\/en\/wp-json\/wp\/v2\/media\/162945"}],"wp:attachment":[{"href":"https:\/\/interiorstore.eu\/en\/wp-json\/wp\/v2\/media?parent=162944"}],"wp:term":[{"taxonomy":"product_brand","embeddable":true,"href":"https:\/\/interiorstore.eu\/en\/wp-json\/wp\/v2\/product_brand?post=162944"},{"taxonomy":"product_cat","embeddable":true,"href":"https:\/\/interiorstore.eu\/en\/wp-json\/wp\/v2\/product_cat?post=162944"},{"taxonomy":"product_tag","embeddable":true,"href":"https:\/\/interiorstore.eu\/en\/wp-json\/wp\/v2\/product_tag?post=162944"}],"curies":[{"name":"wp","href":"https:\/\/api.w.org\/{rel}","templated":true}]}}