{"id":163258,"date":"2025-09-18T15:09:44","date_gmt":"2025-09-18T12:09:44","guid":{"rendered":"https:\/\/interiorstore.eu\/?post_type=product&#038;p=163258"},"modified":"2026-04-14T19:00:49","modified_gmt":"2026-04-14T16:00:49","slug":"peegel-evie-3","status":"publish","type":"product","link":"https:\/\/interiorstore.eu\/en\/toode\/peegel-evie-3\/","title":{"rendered":"Peegel Evie"},"content":{"rendered":"<p>Too oma interj\u00f6\u00f6ri luksuslikku s\u00e4ra ja ruumikust Evie peegliga. See 90 \u00d7 90 cm m\u00f5\u00f5dus pilkup\u00fc\u00fcdev sisustuselement \u00fchendab endas klassikalise stiili ja modernse minimalismi, lisades igasse ruumi helgust ja avarust.L\u00e4bipaistev klaasraam sulandub peenelt igasse sisekujundusse, r\u00f5hutades ruumi ilu ilma ise domineerimata.<\/p>\n","protected":false},"excerpt":{"rendered":"<p>Too oma interj\u00f6\u00f6ri luksuslikku s\u00e4ra ja ruumikust Evie peegliga. See 90 \u00d7 90 cm m\u00f5\u00f5dus pilkup\u00fc\u00fcdev sisustuselement \u00fchendab endas klassikalise<\/p>\n","protected":false},"featured_media":163259,"template":"","meta":[],"product_brand":[],"product_cat":[483],"product_tag":[],"class_list":{"0":"post-163258","1":"product","2":"type-product","3":"status-publish","4":"has-post-thumbnail","6":"product_cat-peeglid","7":"product_shipping_class-suured-asjad","9":"first","10":"onbackorder","11":"sale","12":"taxable","13":"shipping-taxable","14":"purchasable","15":"product-type-simple"},"acf":[],"yoast_head":"<!-- This site is optimized with the Yoast SEO plugin v24.9 - https:\/\/yoast.com\/wordpress\/plugins\/seo\/ -->\n<title>Peegel Evie | InteriorStore.eu<\/title>\n<meta name=\"description\" content=\"Too oma interj\u00f6\u00f6ri luksuslikku s\u00e4ra ja ruumikust Evie peegliga. See 90 \u00d7 90 cm m\u00f5\u00f5dus pilkup\u00fc\u00fcdev sisustuselement \u00fchendab endas klassikalise stiili ja modernse minimalismi, lisades igasse ruumi helgust ja avarust.L\u00e4bipaistev klaasraam sulandub peenelt igasse sisekujundusse, r\u00f5hutades ruumi ilu ilma ise domineerimata.\" \/>\n<meta name=\"robots\" content=\"index, follow, max-snippet:-1, max-image-preview:large, max-video-preview:-1\" \/>\n<link rel=\"canonical\" href=\"https:\/\/interiorstore.eu\/en\/toode\/peegel-evie-3\/\" \/>\n<meta property=\"og:locale\" content=\"en_US\" \/>\n<meta property=\"og:type\" content=\"article\" \/>\n<meta property=\"og:title\" content=\"Peegel Evie | InteriorStore.eu\" \/>\n<meta property=\"og:description\" content=\"Too oma interj\u00f6\u00f6ri luksuslikku s\u00e4ra ja ruumikust Evie peegliga. See 90 \u00d7 90 cm m\u00f5\u00f5dus pilkup\u00fc\u00fcdev sisustuselement \u00fchendab endas klassikalise stiili ja modernse minimalismi, lisades igasse ruumi helgust ja avarust.L\u00e4bipaistev klaasraam sulandub peenelt igasse sisekujundusse, r\u00f5hutades ruumi ilu ilma ise domineerimata.\" \/>\n<meta property=\"og:url\" content=\"https:\/\/interiorstore.eu\/en\/toode\/peegel-evie-3\/\" \/>\n<meta property=\"og:site_name\" content=\"InteriorStore.eu\" \/>\n<meta property=\"article:modified_time\" content=\"2026-04-14T16:00:49+00:00\" \/>\n<meta property=\"og:image\" content=\"https:\/\/interiorstore.eu\/wp-content\/uploads\/2025\/09\/Peegel-Evie.jpg\" \/>\n\t<meta property=\"og:image:width\" content=\"1700\" \/>\n\t<meta property=\"og:image:height\" content=\"1700\" \/>\n\t<meta property=\"og:image:type\" content=\"image\/jpeg\" \/>\n<meta name=\"twitter:card\" content=\"summary_large_image\" \/>\n<meta name=\"twitter:label1\" content=\"Est. reading time\" \/>\n\t<meta name=\"twitter:data1\" content=\"1 minute\" \/>\n<script type=\"application\/ld+json\" class=\"yoast-schema-graph\">{\"@context\":\"https:\/\/schema.org\",\"@graph\":[{\"@type\":\"WebPage\",\"@id\":\"https:\/\/interiorstore.eu\/en\/toode\/peegel-evie-3\/\",\"url\":\"https:\/\/interiorstore.eu\/en\/toode\/peegel-evie-3\/\",\"name\":\"Peegel Evie | InteriorStore.eu\",\"isPartOf\":{\"@id\":\"https:\/\/interiorstore.eu\/en\/#website\"},\"primaryImageOfPage\":{\"@id\":\"https:\/\/interiorstore.eu\/en\/toode\/peegel-evie-3\/#primaryimage\"},\"image\":{\"@id\":\"https:\/\/interiorstore.eu\/en\/toode\/peegel-evie-3\/#primaryimage\"},\"thumbnailUrl\":\"https:\/\/interiorstore.eu\/wp-content\/uploads\/2025\/09\/Peegel-Evie.jpg\",\"datePublished\":\"2025-09-18T12:09:44+00:00\",\"dateModified\":\"2026-04-14T16:00:49+00:00\",\"description\":\"Too oma interj\u00f6\u00f6ri luksuslikku s\u00e4ra ja ruumikust Evie peegliga. See 90 \u00d7 90 cm m\u00f5\u00f5dus pilkup\u00fc\u00fcdev sisustuselement \u00fchendab endas klassikalise stiili ja modernse minimalismi, lisades igasse ruumi helgust ja avarust.L\u00e4bipaistev klaasraam sulandub peenelt igasse sisekujundusse, r\u00f5hutades ruumi ilu ilma ise domineerimata.\",\"breadcrumb\":{\"@id\":\"https:\/\/interiorstore.eu\/en\/toode\/peegel-evie-3\/#breadcrumb\"},\"inLanguage\":\"en-US\",\"potentialAction\":[{\"@type\":\"ReadAction\",\"target\":[\"https:\/\/interiorstore.eu\/en\/toode\/peegel-evie-3\/\"]}]},{\"@type\":\"ImageObject\",\"inLanguage\":\"en-US\",\"@id\":\"https:\/\/interiorstore.eu\/en\/toode\/peegel-evie-3\/#primaryimage\",\"url\":\"https:\/\/interiorstore.eu\/wp-content\/uploads\/2025\/09\/Peegel-Evie.jpg\",\"contentUrl\":\"https:\/\/interiorstore.eu\/wp-content\/uploads\/2025\/09\/Peegel-Evie.jpg\",\"width\":1700,\"height\":1700,\"caption\":\"Peegel Evie\"},{\"@type\":\"BreadcrumbList\",\"@id\":\"https:\/\/interiorstore.eu\/en\/toode\/peegel-evie-3\/#breadcrumb\",\"itemListElement\":[{\"@type\":\"ListItem\",\"position\":1,\"name\":\"Laura Ashley\",\"item\":\"https:\/\/interiorstore.eu\/en\/\"},{\"@type\":\"ListItem\",\"position\":2,\"name\":\"E-shop\",\"item\":\"https:\/\/interiorstore.eu\/en\/e-shop\/\"},{\"@type\":\"ListItem\",\"position\":3,\"name\":\"Mirrors\",\"item\":\"https:\/\/interiorstore.eu\/en\/productcategory\/mirrors\/\"},{\"@type\":\"ListItem\",\"position\":4,\"name\":\"Peegel Evie\"}]},{\"@type\":\"WebSite\",\"@id\":\"https:\/\/interiorstore.eu\/en\/#website\",\"url\":\"https:\/\/interiorstore.eu\/en\/\",\"name\":\"InteriorStore.eu\",\"description\":\"\",\"publisher\":{\"@id\":\"https:\/\/interiorstore.eu\/en\/#organization\"},\"potentialAction\":[{\"@type\":\"SearchAction\",\"target\":{\"@type\":\"EntryPoint\",\"urlTemplate\":\"https:\/\/interiorstore.eu\/en\/?s={search_term_string}\"},\"query-input\":{\"@type\":\"PropertyValueSpecification\",\"valueRequired\":true,\"valueName\":\"search_term_string\"}}],\"inLanguage\":\"en-US\"},{\"@type\":\"Organization\",\"@id\":\"https:\/\/interiorstore.eu\/en\/#organization\",\"name\":\"InteriorStore.eu\",\"url\":\"https:\/\/interiorstore.eu\/en\/\",\"logo\":{\"@type\":\"ImageObject\",\"inLanguage\":\"en-US\",\"@id\":\"https:\/\/interiorstore.eu\/en\/#\/schema\/logo\/image\/\",\"url\":\"https:\/\/interiorstore.eu\/wp-content\/uploads\/2021\/11\/logo-black-email-300x79-1.png\",\"contentUrl\":\"https:\/\/interiorstore.eu\/wp-content\/uploads\/2021\/11\/logo-black-email-300x79-1.png\",\"width\":300,\"height\":79,\"caption\":\"InteriorStore.eu\"},\"image\":{\"@id\":\"https:\/\/interiorstore.eu\/en\/#\/schema\/logo\/image\/\"}}]}<\/script>\n<!-- \/ Yoast SEO plugin. -->","yoast_head_json":{"title":"Peegel Evie | InteriorStore.eu","description":"Too oma interj\u00f6\u00f6ri luksuslikku s\u00e4ra ja ruumikust Evie peegliga. See 90 \u00d7 90 cm m\u00f5\u00f5dus pilkup\u00fc\u00fcdev sisustuselement \u00fchendab endas klassikalise stiili ja modernse minimalismi, lisades igasse ruumi helgust ja avarust.L\u00e4bipaistev klaasraam sulandub peenelt igasse sisekujundusse, r\u00f5hutades ruumi ilu ilma ise domineerimata.","robots":{"index":"index","follow":"follow","max-snippet":"max-snippet:-1","max-image-preview":"max-image-preview:large","max-video-preview":"max-video-preview:-1"},"canonical":"https:\/\/interiorstore.eu\/en\/toode\/peegel-evie-3\/","og_locale":"en_US","og_type":"article","og_title":"Peegel Evie | InteriorStore.eu","og_description":"Too oma interj\u00f6\u00f6ri luksuslikku s\u00e4ra ja ruumikust Evie peegliga. See 90 \u00d7 90 cm m\u00f5\u00f5dus pilkup\u00fc\u00fcdev sisustuselement \u00fchendab endas klassikalise stiili ja modernse minimalismi, lisades igasse ruumi helgust ja avarust.L\u00e4bipaistev klaasraam sulandub peenelt igasse sisekujundusse, r\u00f5hutades ruumi ilu ilma ise domineerimata.","og_url":"https:\/\/interiorstore.eu\/en\/toode\/peegel-evie-3\/","og_site_name":"InteriorStore.eu","article_modified_time":"2026-04-14T16:00:49+00:00","og_image":[{"width":1700,"height":1700,"url":"https:\/\/interiorstore.eu\/wp-content\/uploads\/2025\/09\/Peegel-Evie.jpg","type":"image\/jpeg"}],"twitter_card":"summary_large_image","twitter_misc":{"Est. reading time":"1 minute"},"schema":{"@context":"https:\/\/schema.org","@graph":[{"@type":"WebPage","@id":"https:\/\/interiorstore.eu\/en\/toode\/peegel-evie-3\/","url":"https:\/\/interiorstore.eu\/en\/toode\/peegel-evie-3\/","name":"Peegel Evie | InteriorStore.eu","isPartOf":{"@id":"https:\/\/interiorstore.eu\/en\/#website"},"primaryImageOfPage":{"@id":"https:\/\/interiorstore.eu\/en\/toode\/peegel-evie-3\/#primaryimage"},"image":{"@id":"https:\/\/interiorstore.eu\/en\/toode\/peegel-evie-3\/#primaryimage"},"thumbnailUrl":"https:\/\/interiorstore.eu\/wp-content\/uploads\/2025\/09\/Peegel-Evie.jpg","datePublished":"2025-09-18T12:09:44+00:00","dateModified":"2026-04-14T16:00:49+00:00","description":"Too oma interj\u00f6\u00f6ri luksuslikku s\u00e4ra ja ruumikust Evie peegliga. See 90 \u00d7 90 cm m\u00f5\u00f5dus pilkup\u00fc\u00fcdev sisustuselement \u00fchendab endas klassikalise stiili ja modernse minimalismi, lisades igasse ruumi helgust ja avarust.L\u00e4bipaistev klaasraam sulandub peenelt igasse sisekujundusse, r\u00f5hutades ruumi ilu ilma ise domineerimata.","breadcrumb":{"@id":"https:\/\/interiorstore.eu\/en\/toode\/peegel-evie-3\/#breadcrumb"},"inLanguage":"en-US","potentialAction":[{"@type":"ReadAction","target":["https:\/\/interiorstore.eu\/en\/toode\/peegel-evie-3\/"]}]},{"@type":"ImageObject","inLanguage":"en-US","@id":"https:\/\/interiorstore.eu\/en\/toode\/peegel-evie-3\/#primaryimage","url":"https:\/\/interiorstore.eu\/wp-content\/uploads\/2025\/09\/Peegel-Evie.jpg","contentUrl":"https:\/\/interiorstore.eu\/wp-content\/uploads\/2025\/09\/Peegel-Evie.jpg","width":1700,"height":1700,"caption":"Peegel Evie"},{"@type":"BreadcrumbList","@id":"https:\/\/interiorstore.eu\/en\/toode\/peegel-evie-3\/#breadcrumb","itemListElement":[{"@type":"ListItem","position":1,"name":"Laura Ashley","item":"https:\/\/interiorstore.eu\/en\/"},{"@type":"ListItem","position":2,"name":"E-shop","item":"https:\/\/interiorstore.eu\/en\/e-shop\/"},{"@type":"ListItem","position":3,"name":"Mirrors","item":"https:\/\/interiorstore.eu\/en\/productcategory\/mirrors\/"},{"@type":"ListItem","position":4,"name":"Peegel Evie"}]},{"@type":"WebSite","@id":"https:\/\/interiorstore.eu\/en\/#website","url":"https:\/\/interiorstore.eu\/en\/","name":"InteriorStore.eu","description":"","publisher":{"@id":"https:\/\/interiorstore.eu\/en\/#organization"},"potentialAction":[{"@type":"SearchAction","target":{"@type":"EntryPoint","urlTemplate":"https:\/\/interiorstore.eu\/en\/?s={search_term_string}"},"query-input":{"@type":"PropertyValueSpecification","valueRequired":true,"valueName":"search_term_string"}}],"inLanguage":"en-US"},{"@type":"Organization","@id":"https:\/\/interiorstore.eu\/en\/#organization","name":"InteriorStore.eu","url":"https:\/\/interiorstore.eu\/en\/","logo":{"@type":"ImageObject","inLanguage":"en-US","@id":"https:\/\/interiorstore.eu\/en\/#\/schema\/logo\/image\/","url":"https:\/\/interiorstore.eu\/wp-content\/uploads\/2021\/11\/logo-black-email-300x79-1.png","contentUrl":"https:\/\/interiorstore.eu\/wp-content\/uploads\/2021\/11\/logo-black-email-300x79-1.png","width":300,"height":79,"caption":"InteriorStore.eu"},"image":{"@id":"https:\/\/interiorstore.eu\/en\/#\/schema\/logo\/image\/"}}]}},"_links":{"self":[{"href":"https:\/\/interiorstore.eu\/en\/wp-json\/wp\/v2\/product\/163258","targetHints":{"allow":["GET"]}}],"collection":[{"href":"https:\/\/interiorstore.eu\/en\/wp-json\/wp\/v2\/product"}],"about":[{"href":"https:\/\/interiorstore.eu\/en\/wp-json\/wp\/v2\/types\/product"}],"wp:featuredmedia":[{"embeddable":true,"href":"https:\/\/interiorstore.eu\/en\/wp-json\/wp\/v2\/media\/163259"}],"wp:attachment":[{"href":"https:\/\/interiorstore.eu\/en\/wp-json\/wp\/v2\/media?parent=163258"}],"wp:term":[{"taxonomy":"product_brand","embeddable":true,"href":"https:\/\/interiorstore.eu\/en\/wp-json\/wp\/v2\/product_brand?post=163258"},{"taxonomy":"product_cat","embeddable":true,"href":"https:\/\/interiorstore.eu\/en\/wp-json\/wp\/v2\/product_cat?post=163258"},{"taxonomy":"product_tag","embeddable":true,"href":"https:\/\/interiorstore.eu\/en\/wp-json\/wp\/v2\/product_tag?post=163258"}],"curies":[{"name":"wp","href":"https:\/\/api.w.org\/{rel}","templated":true}]}}