{"id":163821,"date":"2025-11-08T12:55:36","date_gmt":"2025-11-08T10:55:36","guid":{"rendered":"https:\/\/interiorstore.eu\/?post_type=product&#038;p=163821"},"modified":"2026-04-28T19:00:22","modified_gmt":"2026-04-28T16:00:22","slug":"poke-bowl-rm-loves-soul-food","status":"publish","type":"product","link":"https:\/\/interiorstore.eu\/en\/product\/poke-bowl-rm-loves-soul-food\/","title":{"rendered":"Pok\u00e9 Bowl RM Loves Soul Food"},"content":{"rendered":"<p>Pok\u00e9 is the trend, and with the RM Loves Soul Food Pok\u00e9 Bowl, you will be all set. Two recesses in the rim for your chopsticks, and printed all around with all kinds of ingredients that you can use for this traditional dish from Hawaii. Includes chopsticks.<\/p>\n","protected":false},"excerpt":{"rendered":"<p>Pok\u00e9 is the trend, and with the RM Loves Soul Food Pok\u00e9 Bowl, you will be all set. Two recesses<\/p>\n","protected":false},"featured_media":163817,"template":"","meta":[],"product_brand":[],"product_cat":[3626,589],"product_tag":[],"class_list":{"0":"post-163821","1":"product","2":"type-product","3":"status-publish","4":"has-post-thumbnail","6":"product_cat-tableware","7":"product_cat-porcelain-tableware","9":"first","10":"instock","11":"sale","12":"taxable","13":"shipping-taxable","14":"purchasable","15":"product-type-simple"},"acf":[],"yoast_head":"<!-- This site is optimized with the Yoast SEO plugin v24.9 - https:\/\/yoast.com\/wordpress\/plugins\/seo\/ -->\n<title>Pok\u00e9 Bowl RM Loves Soul Food | InteriorStore.eu<\/title>\n<meta name=\"description\" content=\"Pok\u00e9 is the trend, and with the RM Loves Soul Food Pok\u00e9 Bowl, you will be all set. Two recesses in the rim for your chopsticks, and printed all around with all kinds of ingredients that you can use for this traditional dish from Hawaii. Includes chopsticks.\" \/>\n<meta name=\"robots\" content=\"index, follow, max-snippet:-1, max-image-preview:large, max-video-preview:-1\" \/>\n<link rel=\"canonical\" href=\"https:\/\/interiorstore.eu\/en\/product\/poke-bowl-rm-loves-soul-food\/\" \/>\n<meta property=\"og:locale\" content=\"en_US\" \/>\n<meta property=\"og:type\" content=\"article\" \/>\n<meta property=\"og:title\" content=\"Pok\u00e9 Bowl RM Loves Soul Food | InteriorStore.eu\" \/>\n<meta property=\"og:description\" content=\"Pok\u00e9 is the trend, and with the RM Loves Soul Food Pok\u00e9 Bowl, you will be all set. Two recesses in the rim for your chopsticks, and printed all around with all kinds of ingredients that you can use for this traditional dish from Hawaii. Includes chopsticks.\" \/>\n<meta property=\"og:url\" content=\"https:\/\/interiorstore.eu\/en\/product\/poke-bowl-rm-loves-soul-food\/\" \/>\n<meta property=\"og:site_name\" content=\"InteriorStore.eu\" \/>\n<meta property=\"article:modified_time\" content=\"2026-04-28T16:00:22+00:00\" \/>\n<meta property=\"og:image\" content=\"https:\/\/interiorstore.eu\/wp-content\/uploads\/2025\/11\/Poke-kauss-RM.jpg\" \/>\n\t<meta property=\"og:image:width\" content=\"1200\" \/>\n\t<meta property=\"og:image:height\" content=\"1200\" \/>\n\t<meta property=\"og:image:type\" content=\"image\/jpeg\" \/>\n<meta name=\"twitter:card\" content=\"summary_large_image\" \/>\n<meta name=\"twitter:label1\" content=\"Est. reading time\" \/>\n\t<meta name=\"twitter:data1\" content=\"1 minute\" \/>\n<script type=\"application\/ld+json\" class=\"yoast-schema-graph\">{\"@context\":\"https:\/\/schema.org\",\"@graph\":[{\"@type\":\"WebPage\",\"@id\":\"https:\/\/interiorstore.eu\/en\/product\/poke-bowl-rm-loves-soul-food\/\",\"url\":\"https:\/\/interiorstore.eu\/en\/product\/poke-bowl-rm-loves-soul-food\/\",\"name\":\"Pok\u00e9 Bowl RM Loves Soul Food | InteriorStore.eu\",\"isPartOf\":{\"@id\":\"https:\/\/interiorstore.eu\/en\/#website\"},\"primaryImageOfPage\":{\"@id\":\"https:\/\/interiorstore.eu\/en\/product\/poke-bowl-rm-loves-soul-food\/#primaryimage\"},\"image\":{\"@id\":\"https:\/\/interiorstore.eu\/en\/product\/poke-bowl-rm-loves-soul-food\/#primaryimage\"},\"thumbnailUrl\":\"https:\/\/interiorstore.eu\/wp-content\/uploads\/2025\/11\/Poke-kauss-RM.jpg\",\"datePublished\":\"2025-11-08T10:55:36+00:00\",\"dateModified\":\"2026-04-28T16:00:22+00:00\",\"description\":\"Pok\u00e9 is the trend, and with the RM Loves Soul Food Pok\u00e9 Bowl, you will be all set. Two recesses in the rim for your chopsticks, and printed all around with all kinds of ingredients that you can use for this traditional dish from Hawaii. Includes chopsticks.\",\"breadcrumb\":{\"@id\":\"https:\/\/interiorstore.eu\/en\/product\/poke-bowl-rm-loves-soul-food\/#breadcrumb\"},\"inLanguage\":\"en-US\",\"potentialAction\":[{\"@type\":\"ReadAction\",\"target\":[\"https:\/\/interiorstore.eu\/en\/product\/poke-bowl-rm-loves-soul-food\/\"]}]},{\"@type\":\"ImageObject\",\"inLanguage\":\"en-US\",\"@id\":\"https:\/\/interiorstore.eu\/en\/product\/poke-bowl-rm-loves-soul-food\/#primaryimage\",\"url\":\"https:\/\/interiorstore.eu\/wp-content\/uploads\/2025\/11\/Poke-kauss-RM.jpg\",\"contentUrl\":\"https:\/\/interiorstore.eu\/wp-content\/uploads\/2025\/11\/Poke-kauss-RM.jpg\",\"width\":1200,\"height\":1200,\"caption\":\"Poke kauss RM\"},{\"@type\":\"BreadcrumbList\",\"@id\":\"https:\/\/interiorstore.eu\/en\/product\/poke-bowl-rm-loves-soul-food\/#breadcrumb\",\"itemListElement\":[{\"@type\":\"ListItem\",\"position\":1,\"name\":\"Laura Ashley\",\"item\":\"https:\/\/interiorstore.eu\/en\/\"},{\"@type\":\"ListItem\",\"position\":2,\"name\":\"E-shop\",\"item\":\"https:\/\/interiorstore.eu\/en\/e-shop\/\"},{\"@type\":\"ListItem\",\"position\":3,\"name\":\"Tableware\",\"item\":\"https:\/\/interiorstore.eu\/en\/productcategory\/tableware\/\"},{\"@type\":\"ListItem\",\"position\":4,\"name\":\"Pok\u00e9 Bowl RM Loves Soul Food\"}]},{\"@type\":\"WebSite\",\"@id\":\"https:\/\/interiorstore.eu\/en\/#website\",\"url\":\"https:\/\/interiorstore.eu\/en\/\",\"name\":\"InteriorStore.eu\",\"description\":\"\",\"publisher\":{\"@id\":\"https:\/\/interiorstore.eu\/en\/#organization\"},\"potentialAction\":[{\"@type\":\"SearchAction\",\"target\":{\"@type\":\"EntryPoint\",\"urlTemplate\":\"https:\/\/interiorstore.eu\/en\/?s={search_term_string}\"},\"query-input\":{\"@type\":\"PropertyValueSpecification\",\"valueRequired\":true,\"valueName\":\"search_term_string\"}}],\"inLanguage\":\"en-US\"},{\"@type\":\"Organization\",\"@id\":\"https:\/\/interiorstore.eu\/en\/#organization\",\"name\":\"InteriorStore.eu\",\"url\":\"https:\/\/interiorstore.eu\/en\/\",\"logo\":{\"@type\":\"ImageObject\",\"inLanguage\":\"en-US\",\"@id\":\"https:\/\/interiorstore.eu\/en\/#\/schema\/logo\/image\/\",\"url\":\"https:\/\/interiorstore.eu\/wp-content\/uploads\/2021\/11\/logo-black-email-300x79-1.png\",\"contentUrl\":\"https:\/\/interiorstore.eu\/wp-content\/uploads\/2021\/11\/logo-black-email-300x79-1.png\",\"width\":300,\"height\":79,\"caption\":\"InteriorStore.eu\"},\"image\":{\"@id\":\"https:\/\/interiorstore.eu\/en\/#\/schema\/logo\/image\/\"}}]}<\/script>\n<!-- \/ Yoast SEO plugin. -->","yoast_head_json":{"title":"Pok\u00e9 Bowl RM Loves Soul Food | InteriorStore.eu","description":"Pok\u00e9 is the trend, and with the RM Loves Soul Food Pok\u00e9 Bowl, you will be all set. Two recesses in the rim for your chopsticks, and printed all around with all kinds of ingredients that you can use for this traditional dish from Hawaii. Includes chopsticks.","robots":{"index":"index","follow":"follow","max-snippet":"max-snippet:-1","max-image-preview":"max-image-preview:large","max-video-preview":"max-video-preview:-1"},"canonical":"https:\/\/interiorstore.eu\/en\/product\/poke-bowl-rm-loves-soul-food\/","og_locale":"en_US","og_type":"article","og_title":"Pok\u00e9 Bowl RM Loves Soul Food | InteriorStore.eu","og_description":"Pok\u00e9 is the trend, and with the RM Loves Soul Food Pok\u00e9 Bowl, you will be all set. Two recesses in the rim for your chopsticks, and printed all around with all kinds of ingredients that you can use for this traditional dish from Hawaii. Includes chopsticks.","og_url":"https:\/\/interiorstore.eu\/en\/product\/poke-bowl-rm-loves-soul-food\/","og_site_name":"InteriorStore.eu","article_modified_time":"2026-04-28T16:00:22+00:00","og_image":[{"width":1200,"height":1200,"url":"https:\/\/interiorstore.eu\/wp-content\/uploads\/2025\/11\/Poke-kauss-RM.jpg","type":"image\/jpeg"}],"twitter_card":"summary_large_image","twitter_misc":{"Est. reading time":"1 minute"},"schema":{"@context":"https:\/\/schema.org","@graph":[{"@type":"WebPage","@id":"https:\/\/interiorstore.eu\/en\/product\/poke-bowl-rm-loves-soul-food\/","url":"https:\/\/interiorstore.eu\/en\/product\/poke-bowl-rm-loves-soul-food\/","name":"Pok\u00e9 Bowl RM Loves Soul Food | InteriorStore.eu","isPartOf":{"@id":"https:\/\/interiorstore.eu\/en\/#website"},"primaryImageOfPage":{"@id":"https:\/\/interiorstore.eu\/en\/product\/poke-bowl-rm-loves-soul-food\/#primaryimage"},"image":{"@id":"https:\/\/interiorstore.eu\/en\/product\/poke-bowl-rm-loves-soul-food\/#primaryimage"},"thumbnailUrl":"https:\/\/interiorstore.eu\/wp-content\/uploads\/2025\/11\/Poke-kauss-RM.jpg","datePublished":"2025-11-08T10:55:36+00:00","dateModified":"2026-04-28T16:00:22+00:00","description":"Pok\u00e9 is the trend, and with the RM Loves Soul Food Pok\u00e9 Bowl, you will be all set. Two recesses in the rim for your chopsticks, and printed all around with all kinds of ingredients that you can use for this traditional dish from Hawaii. Includes chopsticks.","breadcrumb":{"@id":"https:\/\/interiorstore.eu\/en\/product\/poke-bowl-rm-loves-soul-food\/#breadcrumb"},"inLanguage":"en-US","potentialAction":[{"@type":"ReadAction","target":["https:\/\/interiorstore.eu\/en\/product\/poke-bowl-rm-loves-soul-food\/"]}]},{"@type":"ImageObject","inLanguage":"en-US","@id":"https:\/\/interiorstore.eu\/en\/product\/poke-bowl-rm-loves-soul-food\/#primaryimage","url":"https:\/\/interiorstore.eu\/wp-content\/uploads\/2025\/11\/Poke-kauss-RM.jpg","contentUrl":"https:\/\/interiorstore.eu\/wp-content\/uploads\/2025\/11\/Poke-kauss-RM.jpg","width":1200,"height":1200,"caption":"Poke kauss RM"},{"@type":"BreadcrumbList","@id":"https:\/\/interiorstore.eu\/en\/product\/poke-bowl-rm-loves-soul-food\/#breadcrumb","itemListElement":[{"@type":"ListItem","position":1,"name":"Laura Ashley","item":"https:\/\/interiorstore.eu\/en\/"},{"@type":"ListItem","position":2,"name":"E-shop","item":"https:\/\/interiorstore.eu\/en\/e-shop\/"},{"@type":"ListItem","position":3,"name":"Tableware","item":"https:\/\/interiorstore.eu\/en\/productcategory\/tableware\/"},{"@type":"ListItem","position":4,"name":"Pok\u00e9 Bowl RM Loves Soul Food"}]},{"@type":"WebSite","@id":"https:\/\/interiorstore.eu\/en\/#website","url":"https:\/\/interiorstore.eu\/en\/","name":"InteriorStore.eu","description":"","publisher":{"@id":"https:\/\/interiorstore.eu\/en\/#organization"},"potentialAction":[{"@type":"SearchAction","target":{"@type":"EntryPoint","urlTemplate":"https:\/\/interiorstore.eu\/en\/?s={search_term_string}"},"query-input":{"@type":"PropertyValueSpecification","valueRequired":true,"valueName":"search_term_string"}}],"inLanguage":"en-US"},{"@type":"Organization","@id":"https:\/\/interiorstore.eu\/en\/#organization","name":"InteriorStore.eu","url":"https:\/\/interiorstore.eu\/en\/","logo":{"@type":"ImageObject","inLanguage":"en-US","@id":"https:\/\/interiorstore.eu\/en\/#\/schema\/logo\/image\/","url":"https:\/\/interiorstore.eu\/wp-content\/uploads\/2021\/11\/logo-black-email-300x79-1.png","contentUrl":"https:\/\/interiorstore.eu\/wp-content\/uploads\/2021\/11\/logo-black-email-300x79-1.png","width":300,"height":79,"caption":"InteriorStore.eu"},"image":{"@id":"https:\/\/interiorstore.eu\/en\/#\/schema\/logo\/image\/"}}]}},"_links":{"self":[{"href":"https:\/\/interiorstore.eu\/en\/wp-json\/wp\/v2\/product\/163821","targetHints":{"allow":["GET"]}}],"collection":[{"href":"https:\/\/interiorstore.eu\/en\/wp-json\/wp\/v2\/product"}],"about":[{"href":"https:\/\/interiorstore.eu\/en\/wp-json\/wp\/v2\/types\/product"}],"wp:featuredmedia":[{"embeddable":true,"href":"https:\/\/interiorstore.eu\/en\/wp-json\/wp\/v2\/media\/163817"}],"wp:attachment":[{"href":"https:\/\/interiorstore.eu\/en\/wp-json\/wp\/v2\/media?parent=163821"}],"wp:term":[{"taxonomy":"product_brand","embeddable":true,"href":"https:\/\/interiorstore.eu\/en\/wp-json\/wp\/v2\/product_brand?post=163821"},{"taxonomy":"product_cat","embeddable":true,"href":"https:\/\/interiorstore.eu\/en\/wp-json\/wp\/v2\/product_cat?post=163821"},{"taxonomy":"product_tag","embeddable":true,"href":"https:\/\/interiorstore.eu\/en\/wp-json\/wp\/v2\/product_tag?post=163821"}],"curies":[{"name":"wp","href":"https:\/\/api.w.org\/{rel}","templated":true}]}}