{"id":165199,"date":"2025-12-22T14:26:34","date_gmt":"2025-12-22T12:26:34","guid":{"rendered":"https:\/\/interiorstore.eu\/?post_type=product&#038;p=165199"},"modified":"2026-04-10T19:00:46","modified_gmt":"2026-04-10T16:00:46","slug":"laevalgusti-nysa-dark-grey","status":"publish","type":"product","link":"https:\/\/interiorstore.eu\/en\/toode\/laevalgusti-nysa-dark-grey\/","title":{"rendered":"Laevalgusti Nysa Dark Grey"},"content":{"rendered":"<p>Nysa laevalgusti on ideaalne valik neile, kes otsivad tasakaalu funktsionaalsuse ja stiilse sisekujunduse vahel. Tumehall sametvari lisab ruumile luksuslikku s\u00fcgavust ja pehmust, samas kui hoolikalt l\u00e4bim\u00f5eldud disain tagab meeldiva ja \u00fchtlase valguse. See on valgusti, mis ei domineeri, vaid t\u00e4iendab interj\u00f6\u00f6ri vaikselt ja maitsekalt.2 x 9w max ES GLS<\/p>\n","protected":false},"excerpt":{"rendered":"<p>Nysa laevalgusti on ideaalne valik neile, kes otsivad tasakaalu funktsionaalsuse ja stiilse sisekujunduse vahel. Tumehall sametvari lisab ruumile luksuslikku s\u00fcgavust<\/p>\n","protected":false},"featured_media":165200,"template":"","meta":[],"product_brand":[],"product_cat":[481,495],"product_tag":[],"class_list":{"0":"post-165199","1":"product","2":"type-product","3":"status-publish","4":"has-post-thumbnail","6":"product_cat-valgustid","7":"product_cat-laevalgustid","8":"product_shipping_class-suured-asjad","10":"first","11":"onbackorder","12":"sale","13":"taxable","14":"shipping-taxable","15":"purchasable","16":"product-type-simple"},"acf":[],"yoast_head":"<!-- This site is optimized with the Yoast SEO plugin v24.9 - https:\/\/yoast.com\/wordpress\/plugins\/seo\/ -->\n<title>Laevalgusti Nysa Dark Grey | InteriorStore.eu<\/title>\n<meta name=\"description\" content=\"Nysa laevalgusti on ideaalne valik neile, kes otsivad tasakaalu funktsionaalsuse ja stiilse sisekujunduse vahel. Tumehall sametvari lisab ruumile luksuslikku s\u00fcgavust ja pehmust, samas kui hoolikalt l\u00e4bim\u00f5eldud disain tagab meeldiva ja \u00fchtlase valguse. See on valgusti, mis ei domineeri, vaid t\u00e4iendab interj\u00f6\u00f6ri vaikselt ja maitsekalt.2 x 9w max ES GLS\" \/>\n<meta name=\"robots\" content=\"index, follow, max-snippet:-1, max-image-preview:large, max-video-preview:-1\" \/>\n<link rel=\"canonical\" href=\"https:\/\/interiorstore.eu\/en\/toode\/laevalgusti-nysa-dark-grey\/\" \/>\n<meta property=\"og:locale\" content=\"en_US\" \/>\n<meta property=\"og:type\" content=\"article\" \/>\n<meta property=\"og:title\" content=\"Laevalgusti Nysa Dark Grey | InteriorStore.eu\" \/>\n<meta property=\"og:description\" content=\"Nysa laevalgusti on ideaalne valik neile, kes otsivad tasakaalu funktsionaalsuse ja stiilse sisekujunduse vahel. Tumehall sametvari lisab ruumile luksuslikku s\u00fcgavust ja pehmust, samas kui hoolikalt l\u00e4bim\u00f5eldud disain tagab meeldiva ja \u00fchtlase valguse. See on valgusti, mis ei domineeri, vaid t\u00e4iendab interj\u00f6\u00f6ri vaikselt ja maitsekalt.2 x 9w max ES GLS\" \/>\n<meta property=\"og:url\" content=\"https:\/\/interiorstore.eu\/en\/toode\/laevalgusti-nysa-dark-grey\/\" \/>\n<meta property=\"og:site_name\" content=\"InteriorStore.eu\" \/>\n<meta property=\"article:modified_time\" content=\"2026-04-10T16:00:46+00:00\" \/>\n<meta property=\"og:image\" content=\"https:\/\/interiorstore.eu\/wp-content\/uploads\/2025\/12\/Laevalgusti-Nysa-Dark-Grey.jpg\" \/>\n\t<meta property=\"og:image:width\" content=\"1200\" \/>\n\t<meta property=\"og:image:height\" content=\"1200\" \/>\n\t<meta property=\"og:image:type\" content=\"image\/jpeg\" \/>\n<meta name=\"twitter:card\" content=\"summary_large_image\" \/>\n<meta name=\"twitter:label1\" content=\"Est. reading time\" \/>\n\t<meta name=\"twitter:data1\" content=\"1 minute\" \/>\n<script type=\"application\/ld+json\" class=\"yoast-schema-graph\">{\"@context\":\"https:\/\/schema.org\",\"@graph\":[{\"@type\":\"WebPage\",\"@id\":\"https:\/\/interiorstore.eu\/en\/toode\/laevalgusti-nysa-dark-grey\/\",\"url\":\"https:\/\/interiorstore.eu\/en\/toode\/laevalgusti-nysa-dark-grey\/\",\"name\":\"Laevalgusti Nysa Dark Grey | InteriorStore.eu\",\"isPartOf\":{\"@id\":\"https:\/\/interiorstore.eu\/en\/#website\"},\"primaryImageOfPage\":{\"@id\":\"https:\/\/interiorstore.eu\/en\/toode\/laevalgusti-nysa-dark-grey\/#primaryimage\"},\"image\":{\"@id\":\"https:\/\/interiorstore.eu\/en\/toode\/laevalgusti-nysa-dark-grey\/#primaryimage\"},\"thumbnailUrl\":\"https:\/\/interiorstore.eu\/wp-content\/uploads\/2025\/12\/Laevalgusti-Nysa-Dark-Grey.jpg\",\"datePublished\":\"2025-12-22T12:26:34+00:00\",\"dateModified\":\"2026-04-10T16:00:46+00:00\",\"description\":\"Nysa laevalgusti on ideaalne valik neile, kes otsivad tasakaalu funktsionaalsuse ja stiilse sisekujunduse vahel. Tumehall sametvari lisab ruumile luksuslikku s\u00fcgavust ja pehmust, samas kui hoolikalt l\u00e4bim\u00f5eldud disain tagab meeldiva ja \u00fchtlase valguse. See on valgusti, mis ei domineeri, vaid t\u00e4iendab interj\u00f6\u00f6ri vaikselt ja maitsekalt.2 x 9w max ES GLS\",\"breadcrumb\":{\"@id\":\"https:\/\/interiorstore.eu\/en\/toode\/laevalgusti-nysa-dark-grey\/#breadcrumb\"},\"inLanguage\":\"en-US\",\"potentialAction\":[{\"@type\":\"ReadAction\",\"target\":[\"https:\/\/interiorstore.eu\/en\/toode\/laevalgusti-nysa-dark-grey\/\"]}]},{\"@type\":\"ImageObject\",\"inLanguage\":\"en-US\",\"@id\":\"https:\/\/interiorstore.eu\/en\/toode\/laevalgusti-nysa-dark-grey\/#primaryimage\",\"url\":\"https:\/\/interiorstore.eu\/wp-content\/uploads\/2025\/12\/Laevalgusti-Nysa-Dark-Grey.jpg\",\"contentUrl\":\"https:\/\/interiorstore.eu\/wp-content\/uploads\/2025\/12\/Laevalgusti-Nysa-Dark-Grey.jpg\",\"width\":1200,\"height\":1200,\"caption\":\"Laevalgusti Nysa Dark Grey\"},{\"@type\":\"BreadcrumbList\",\"@id\":\"https:\/\/interiorstore.eu\/en\/toode\/laevalgusti-nysa-dark-grey\/#breadcrumb\",\"itemListElement\":[{\"@type\":\"ListItem\",\"position\":1,\"name\":\"Laura Ashley\",\"item\":\"https:\/\/interiorstore.eu\/en\/\"},{\"@type\":\"ListItem\",\"position\":2,\"name\":\"E-shop\",\"item\":\"https:\/\/interiorstore.eu\/en\/e-shop\/\"},{\"@type\":\"ListItem\",\"position\":3,\"name\":\"Lighting\",\"item\":\"https:\/\/interiorstore.eu\/en\/productcategory\/lighting-fittings\/\"},{\"@type\":\"ListItem\",\"position\":4,\"name\":\"Laevalgusti Nysa Dark Grey\"}]},{\"@type\":\"WebSite\",\"@id\":\"https:\/\/interiorstore.eu\/en\/#website\",\"url\":\"https:\/\/interiorstore.eu\/en\/\",\"name\":\"InteriorStore.eu\",\"description\":\"\",\"publisher\":{\"@id\":\"https:\/\/interiorstore.eu\/en\/#organization\"},\"potentialAction\":[{\"@type\":\"SearchAction\",\"target\":{\"@type\":\"EntryPoint\",\"urlTemplate\":\"https:\/\/interiorstore.eu\/en\/?s={search_term_string}\"},\"query-input\":{\"@type\":\"PropertyValueSpecification\",\"valueRequired\":true,\"valueName\":\"search_term_string\"}}],\"inLanguage\":\"en-US\"},{\"@type\":\"Organization\",\"@id\":\"https:\/\/interiorstore.eu\/en\/#organization\",\"name\":\"InteriorStore.eu\",\"url\":\"https:\/\/interiorstore.eu\/en\/\",\"logo\":{\"@type\":\"ImageObject\",\"inLanguage\":\"en-US\",\"@id\":\"https:\/\/interiorstore.eu\/en\/#\/schema\/logo\/image\/\",\"url\":\"https:\/\/interiorstore.eu\/wp-content\/uploads\/2021\/11\/logo-black-email-300x79-1.png\",\"contentUrl\":\"https:\/\/interiorstore.eu\/wp-content\/uploads\/2021\/11\/logo-black-email-300x79-1.png\",\"width\":300,\"height\":79,\"caption\":\"InteriorStore.eu\"},\"image\":{\"@id\":\"https:\/\/interiorstore.eu\/en\/#\/schema\/logo\/image\/\"}}]}<\/script>\n<!-- \/ Yoast SEO plugin. -->","yoast_head_json":{"title":"Laevalgusti Nysa Dark Grey | InteriorStore.eu","description":"Nysa laevalgusti on ideaalne valik neile, kes otsivad tasakaalu funktsionaalsuse ja stiilse sisekujunduse vahel. Tumehall sametvari lisab ruumile luksuslikku s\u00fcgavust ja pehmust, samas kui hoolikalt l\u00e4bim\u00f5eldud disain tagab meeldiva ja \u00fchtlase valguse. See on valgusti, mis ei domineeri, vaid t\u00e4iendab interj\u00f6\u00f6ri vaikselt ja maitsekalt.2 x 9w max ES GLS","robots":{"index":"index","follow":"follow","max-snippet":"max-snippet:-1","max-image-preview":"max-image-preview:large","max-video-preview":"max-video-preview:-1"},"canonical":"https:\/\/interiorstore.eu\/en\/toode\/laevalgusti-nysa-dark-grey\/","og_locale":"en_US","og_type":"article","og_title":"Laevalgusti Nysa Dark Grey | InteriorStore.eu","og_description":"Nysa laevalgusti on ideaalne valik neile, kes otsivad tasakaalu funktsionaalsuse ja stiilse sisekujunduse vahel. Tumehall sametvari lisab ruumile luksuslikku s\u00fcgavust ja pehmust, samas kui hoolikalt l\u00e4bim\u00f5eldud disain tagab meeldiva ja \u00fchtlase valguse. See on valgusti, mis ei domineeri, vaid t\u00e4iendab interj\u00f6\u00f6ri vaikselt ja maitsekalt.2 x 9w max ES GLS","og_url":"https:\/\/interiorstore.eu\/en\/toode\/laevalgusti-nysa-dark-grey\/","og_site_name":"InteriorStore.eu","article_modified_time":"2026-04-10T16:00:46+00:00","og_image":[{"width":1200,"height":1200,"url":"https:\/\/interiorstore.eu\/wp-content\/uploads\/2025\/12\/Laevalgusti-Nysa-Dark-Grey.jpg","type":"image\/jpeg"}],"twitter_card":"summary_large_image","twitter_misc":{"Est. reading time":"1 minute"},"schema":{"@context":"https:\/\/schema.org","@graph":[{"@type":"WebPage","@id":"https:\/\/interiorstore.eu\/en\/toode\/laevalgusti-nysa-dark-grey\/","url":"https:\/\/interiorstore.eu\/en\/toode\/laevalgusti-nysa-dark-grey\/","name":"Laevalgusti Nysa Dark Grey | InteriorStore.eu","isPartOf":{"@id":"https:\/\/interiorstore.eu\/en\/#website"},"primaryImageOfPage":{"@id":"https:\/\/interiorstore.eu\/en\/toode\/laevalgusti-nysa-dark-grey\/#primaryimage"},"image":{"@id":"https:\/\/interiorstore.eu\/en\/toode\/laevalgusti-nysa-dark-grey\/#primaryimage"},"thumbnailUrl":"https:\/\/interiorstore.eu\/wp-content\/uploads\/2025\/12\/Laevalgusti-Nysa-Dark-Grey.jpg","datePublished":"2025-12-22T12:26:34+00:00","dateModified":"2026-04-10T16:00:46+00:00","description":"Nysa laevalgusti on ideaalne valik neile, kes otsivad tasakaalu funktsionaalsuse ja stiilse sisekujunduse vahel. Tumehall sametvari lisab ruumile luksuslikku s\u00fcgavust ja pehmust, samas kui hoolikalt l\u00e4bim\u00f5eldud disain tagab meeldiva ja \u00fchtlase valguse. See on valgusti, mis ei domineeri, vaid t\u00e4iendab interj\u00f6\u00f6ri vaikselt ja maitsekalt.2 x 9w max ES GLS","breadcrumb":{"@id":"https:\/\/interiorstore.eu\/en\/toode\/laevalgusti-nysa-dark-grey\/#breadcrumb"},"inLanguage":"en-US","potentialAction":[{"@type":"ReadAction","target":["https:\/\/interiorstore.eu\/en\/toode\/laevalgusti-nysa-dark-grey\/"]}]},{"@type":"ImageObject","inLanguage":"en-US","@id":"https:\/\/interiorstore.eu\/en\/toode\/laevalgusti-nysa-dark-grey\/#primaryimage","url":"https:\/\/interiorstore.eu\/wp-content\/uploads\/2025\/12\/Laevalgusti-Nysa-Dark-Grey.jpg","contentUrl":"https:\/\/interiorstore.eu\/wp-content\/uploads\/2025\/12\/Laevalgusti-Nysa-Dark-Grey.jpg","width":1200,"height":1200,"caption":"Laevalgusti Nysa Dark Grey"},{"@type":"BreadcrumbList","@id":"https:\/\/interiorstore.eu\/en\/toode\/laevalgusti-nysa-dark-grey\/#breadcrumb","itemListElement":[{"@type":"ListItem","position":1,"name":"Laura Ashley","item":"https:\/\/interiorstore.eu\/en\/"},{"@type":"ListItem","position":2,"name":"E-shop","item":"https:\/\/interiorstore.eu\/en\/e-shop\/"},{"@type":"ListItem","position":3,"name":"Lighting","item":"https:\/\/interiorstore.eu\/en\/productcategory\/lighting-fittings\/"},{"@type":"ListItem","position":4,"name":"Laevalgusti Nysa Dark Grey"}]},{"@type":"WebSite","@id":"https:\/\/interiorstore.eu\/en\/#website","url":"https:\/\/interiorstore.eu\/en\/","name":"InteriorStore.eu","description":"","publisher":{"@id":"https:\/\/interiorstore.eu\/en\/#organization"},"potentialAction":[{"@type":"SearchAction","target":{"@type":"EntryPoint","urlTemplate":"https:\/\/interiorstore.eu\/en\/?s={search_term_string}"},"query-input":{"@type":"PropertyValueSpecification","valueRequired":true,"valueName":"search_term_string"}}],"inLanguage":"en-US"},{"@type":"Organization","@id":"https:\/\/interiorstore.eu\/en\/#organization","name":"InteriorStore.eu","url":"https:\/\/interiorstore.eu\/en\/","logo":{"@type":"ImageObject","inLanguage":"en-US","@id":"https:\/\/interiorstore.eu\/en\/#\/schema\/logo\/image\/","url":"https:\/\/interiorstore.eu\/wp-content\/uploads\/2021\/11\/logo-black-email-300x79-1.png","contentUrl":"https:\/\/interiorstore.eu\/wp-content\/uploads\/2021\/11\/logo-black-email-300x79-1.png","width":300,"height":79,"caption":"InteriorStore.eu"},"image":{"@id":"https:\/\/interiorstore.eu\/en\/#\/schema\/logo\/image\/"}}]}},"_links":{"self":[{"href":"https:\/\/interiorstore.eu\/en\/wp-json\/wp\/v2\/product\/165199","targetHints":{"allow":["GET"]}}],"collection":[{"href":"https:\/\/interiorstore.eu\/en\/wp-json\/wp\/v2\/product"}],"about":[{"href":"https:\/\/interiorstore.eu\/en\/wp-json\/wp\/v2\/types\/product"}],"wp:featuredmedia":[{"embeddable":true,"href":"https:\/\/interiorstore.eu\/en\/wp-json\/wp\/v2\/media\/165200"}],"wp:attachment":[{"href":"https:\/\/interiorstore.eu\/en\/wp-json\/wp\/v2\/media?parent=165199"}],"wp:term":[{"taxonomy":"product_brand","embeddable":true,"href":"https:\/\/interiorstore.eu\/en\/wp-json\/wp\/v2\/product_brand?post=165199"},{"taxonomy":"product_cat","embeddable":true,"href":"https:\/\/interiorstore.eu\/en\/wp-json\/wp\/v2\/product_cat?post=165199"},{"taxonomy":"product_tag","embeddable":true,"href":"https:\/\/interiorstore.eu\/en\/wp-json\/wp\/v2\/product_tag?post=165199"}],"curies":[{"name":"wp","href":"https:\/\/api.w.org\/{rel}","templated":true}]}}