{"id":168717,"date":"2026-05-04T11:37:20","date_gmt":"2026-05-04T08:37:20","guid":{"rendered":"https:\/\/interiorstore.eu\/?post_type=product&#038;p=168717"},"modified":"2026-05-04T13:00:34","modified_gmt":"2026-05-04T10:00:34","slug":"laud-venice-must","status":"publish","type":"product","link":"https:\/\/interiorstore.eu\/en\/toode\/laud-venice-must\/","title":{"rendered":"Laud Venice Must"},"content":{"rendered":"<p>Nautige head raamatut lamamistoolis v\u00f5i hubast \u00f5htut diivanil filmi vaadates. Stiilne Venice laud on t\u00e4pselt see, mida vajate. Lauda on lihtne liigutada ja see on reguleeritava k\u00f5rgusega. Laud on valmistatud alumiinumist.<\/p>\n","protected":false},"excerpt":{"rendered":"<p>Nautige head raamatut lamamistoolis v\u00f5i hubast \u00f5htut diivanil filmi vaadates. Stiilne Venice laud on t\u00e4pselt see, mida vajate. Lauda on<\/p>\n","protected":false},"featured_media":168718,"template":"","meta":[],"product_brand":[],"product_cat":[478,3242,7200],"product_tag":[],"class_list":{"0":"post-168717","1":"product","2":"type-product","3":"status-publish","4":"has-post-thumbnail","6":"product_cat-moobel","7":"product_cat-lauad","8":"product_cat-vaikesed-lauad","9":"product_shipping_class-suured-asjad","11":"first","12":"onbackorder","13":"sale","14":"taxable","15":"shipping-taxable","16":"purchasable","17":"product-type-simple"},"acf":[],"yoast_head":"<!-- This site is optimized with the Yoast SEO plugin v24.9 - https:\/\/yoast.com\/wordpress\/plugins\/seo\/ -->\n<title>Laud Venice Must | InteriorStore.eu<\/title>\n<meta name=\"description\" content=\"Nautige head raamatut lamamistoolis v\u00f5i hubast \u00f5htut diivanil filmi vaadates. Stiilne Venice laud on t\u00e4pselt see, mida vajate. Lauda on lihtne liigutada ja see on reguleeritava k\u00f5rgusega. Laud on valmistatud alumiinumist.\" \/>\n<meta name=\"robots\" content=\"index, follow, max-snippet:-1, max-image-preview:large, max-video-preview:-1\" \/>\n<link rel=\"canonical\" href=\"https:\/\/interiorstore.eu\/en\/toode\/laud-venice-must\/\" \/>\n<meta property=\"og:locale\" content=\"en_US\" \/>\n<meta property=\"og:type\" content=\"article\" \/>\n<meta property=\"og:title\" content=\"Laud Venice Must | InteriorStore.eu\" \/>\n<meta property=\"og:description\" content=\"Nautige head raamatut lamamistoolis v\u00f5i hubast \u00f5htut diivanil filmi vaadates. Stiilne Venice laud on t\u00e4pselt see, mida vajate. Lauda on lihtne liigutada ja see on reguleeritava k\u00f5rgusega. Laud on valmistatud alumiinumist.\" \/>\n<meta property=\"og:url\" content=\"https:\/\/interiorstore.eu\/en\/toode\/laud-venice-must\/\" \/>\n<meta property=\"og:site_name\" content=\"InteriorStore.eu\" \/>\n<meta property=\"article:modified_time\" content=\"2026-05-04T10:00:34+00:00\" \/>\n<meta property=\"og:image\" content=\"https:\/\/interiorstore.eu\/wp-content\/uploads\/2026\/05\/Laud-Venice-Must.webp\" \/>\n\t<meta property=\"og:image:width\" content=\"1920\" \/>\n\t<meta property=\"og:image:height\" content=\"1920\" \/>\n\t<meta property=\"og:image:type\" content=\"image\/webp\" \/>\n<meta name=\"twitter:card\" content=\"summary_large_image\" \/>\n<meta name=\"twitter:label1\" content=\"Est. reading time\" \/>\n\t<meta name=\"twitter:data1\" content=\"1 minute\" \/>\n<script type=\"application\/ld+json\" class=\"yoast-schema-graph\">{\"@context\":\"https:\/\/schema.org\",\"@graph\":[{\"@type\":\"WebPage\",\"@id\":\"https:\/\/interiorstore.eu\/en\/toode\/laud-venice-must\/\",\"url\":\"https:\/\/interiorstore.eu\/en\/toode\/laud-venice-must\/\",\"name\":\"Laud Venice Must | InteriorStore.eu\",\"isPartOf\":{\"@id\":\"https:\/\/interiorstore.eu\/en\/#website\"},\"primaryImageOfPage\":{\"@id\":\"https:\/\/interiorstore.eu\/en\/toode\/laud-venice-must\/#primaryimage\"},\"image\":{\"@id\":\"https:\/\/interiorstore.eu\/en\/toode\/laud-venice-must\/#primaryimage\"},\"thumbnailUrl\":\"https:\/\/interiorstore.eu\/wp-content\/uploads\/2026\/05\/Laud-Venice-Must.webp\",\"datePublished\":\"2026-05-04T08:37:20+00:00\",\"dateModified\":\"2026-05-04T10:00:34+00:00\",\"description\":\"Nautige head raamatut lamamistoolis v\u00f5i hubast \u00f5htut diivanil filmi vaadates. Stiilne Venice laud on t\u00e4pselt see, mida vajate. Lauda on lihtne liigutada ja see on reguleeritava k\u00f5rgusega. Laud on valmistatud alumiinumist.\",\"breadcrumb\":{\"@id\":\"https:\/\/interiorstore.eu\/en\/toode\/laud-venice-must\/#breadcrumb\"},\"inLanguage\":\"en-US\",\"potentialAction\":[{\"@type\":\"ReadAction\",\"target\":[\"https:\/\/interiorstore.eu\/en\/toode\/laud-venice-must\/\"]}]},{\"@type\":\"ImageObject\",\"inLanguage\":\"en-US\",\"@id\":\"https:\/\/interiorstore.eu\/en\/toode\/laud-venice-must\/#primaryimage\",\"url\":\"https:\/\/interiorstore.eu\/wp-content\/uploads\/2026\/05\/Laud-Venice-Must.webp\",\"contentUrl\":\"https:\/\/interiorstore.eu\/wp-content\/uploads\/2026\/05\/Laud-Venice-Must.webp\",\"width\":1920,\"height\":1920,\"caption\":\"Laud Venice Must\"},{\"@type\":\"BreadcrumbList\",\"@id\":\"https:\/\/interiorstore.eu\/en\/toode\/laud-venice-must\/#breadcrumb\",\"itemListElement\":[{\"@type\":\"ListItem\",\"position\":1,\"name\":\"Laura Ashley\",\"item\":\"https:\/\/interiorstore.eu\/en\/\"},{\"@type\":\"ListItem\",\"position\":2,\"name\":\"E-shop\",\"item\":\"https:\/\/interiorstore.eu\/en\/e-shop\/\"},{\"@type\":\"ListItem\",\"position\":3,\"name\":\"Furniture\",\"item\":\"https:\/\/interiorstore.eu\/en\/productcategory\/furniture\/\"},{\"@type\":\"ListItem\",\"position\":4,\"name\":\"Laud Venice Must\"}]},{\"@type\":\"WebSite\",\"@id\":\"https:\/\/interiorstore.eu\/en\/#website\",\"url\":\"https:\/\/interiorstore.eu\/en\/\",\"name\":\"InteriorStore.eu\",\"description\":\"\",\"publisher\":{\"@id\":\"https:\/\/interiorstore.eu\/en\/#organization\"},\"potentialAction\":[{\"@type\":\"SearchAction\",\"target\":{\"@type\":\"EntryPoint\",\"urlTemplate\":\"https:\/\/interiorstore.eu\/en\/?s={search_term_string}\"},\"query-input\":{\"@type\":\"PropertyValueSpecification\",\"valueRequired\":true,\"valueName\":\"search_term_string\"}}],\"inLanguage\":\"en-US\"},{\"@type\":\"Organization\",\"@id\":\"https:\/\/interiorstore.eu\/en\/#organization\",\"name\":\"InteriorStore.eu\",\"url\":\"https:\/\/interiorstore.eu\/en\/\",\"logo\":{\"@type\":\"ImageObject\",\"inLanguage\":\"en-US\",\"@id\":\"https:\/\/interiorstore.eu\/en\/#\/schema\/logo\/image\/\",\"url\":\"https:\/\/interiorstore.eu\/wp-content\/uploads\/2021\/11\/logo-black-email-300x79-1.png\",\"contentUrl\":\"https:\/\/interiorstore.eu\/wp-content\/uploads\/2021\/11\/logo-black-email-300x79-1.png\",\"width\":300,\"height\":79,\"caption\":\"InteriorStore.eu\"},\"image\":{\"@id\":\"https:\/\/interiorstore.eu\/en\/#\/schema\/logo\/image\/\"}}]}<\/script>\n<!-- \/ Yoast SEO plugin. -->","yoast_head_json":{"title":"Laud Venice Must | InteriorStore.eu","description":"Nautige head raamatut lamamistoolis v\u00f5i hubast \u00f5htut diivanil filmi vaadates. Stiilne Venice laud on t\u00e4pselt see, mida vajate. Lauda on lihtne liigutada ja see on reguleeritava k\u00f5rgusega. Laud on valmistatud alumiinumist.","robots":{"index":"index","follow":"follow","max-snippet":"max-snippet:-1","max-image-preview":"max-image-preview:large","max-video-preview":"max-video-preview:-1"},"canonical":"https:\/\/interiorstore.eu\/en\/toode\/laud-venice-must\/","og_locale":"en_US","og_type":"article","og_title":"Laud Venice Must | InteriorStore.eu","og_description":"Nautige head raamatut lamamistoolis v\u00f5i hubast \u00f5htut diivanil filmi vaadates. Stiilne Venice laud on t\u00e4pselt see, mida vajate. Lauda on lihtne liigutada ja see on reguleeritava k\u00f5rgusega. Laud on valmistatud alumiinumist.","og_url":"https:\/\/interiorstore.eu\/en\/toode\/laud-venice-must\/","og_site_name":"InteriorStore.eu","article_modified_time":"2026-05-04T10:00:34+00:00","og_image":[{"width":1920,"height":1920,"url":"https:\/\/interiorstore.eu\/wp-content\/uploads\/2026\/05\/Laud-Venice-Must.webp","type":"image\/webp"}],"twitter_card":"summary_large_image","twitter_misc":{"Est. reading time":"1 minute"},"schema":{"@context":"https:\/\/schema.org","@graph":[{"@type":"WebPage","@id":"https:\/\/interiorstore.eu\/en\/toode\/laud-venice-must\/","url":"https:\/\/interiorstore.eu\/en\/toode\/laud-venice-must\/","name":"Laud Venice Must | InteriorStore.eu","isPartOf":{"@id":"https:\/\/interiorstore.eu\/en\/#website"},"primaryImageOfPage":{"@id":"https:\/\/interiorstore.eu\/en\/toode\/laud-venice-must\/#primaryimage"},"image":{"@id":"https:\/\/interiorstore.eu\/en\/toode\/laud-venice-must\/#primaryimage"},"thumbnailUrl":"https:\/\/interiorstore.eu\/wp-content\/uploads\/2026\/05\/Laud-Venice-Must.webp","datePublished":"2026-05-04T08:37:20+00:00","dateModified":"2026-05-04T10:00:34+00:00","description":"Nautige head raamatut lamamistoolis v\u00f5i hubast \u00f5htut diivanil filmi vaadates. Stiilne Venice laud on t\u00e4pselt see, mida vajate. Lauda on lihtne liigutada ja see on reguleeritava k\u00f5rgusega. Laud on valmistatud alumiinumist.","breadcrumb":{"@id":"https:\/\/interiorstore.eu\/en\/toode\/laud-venice-must\/#breadcrumb"},"inLanguage":"en-US","potentialAction":[{"@type":"ReadAction","target":["https:\/\/interiorstore.eu\/en\/toode\/laud-venice-must\/"]}]},{"@type":"ImageObject","inLanguage":"en-US","@id":"https:\/\/interiorstore.eu\/en\/toode\/laud-venice-must\/#primaryimage","url":"https:\/\/interiorstore.eu\/wp-content\/uploads\/2026\/05\/Laud-Venice-Must.webp","contentUrl":"https:\/\/interiorstore.eu\/wp-content\/uploads\/2026\/05\/Laud-Venice-Must.webp","width":1920,"height":1920,"caption":"Laud Venice Must"},{"@type":"BreadcrumbList","@id":"https:\/\/interiorstore.eu\/en\/toode\/laud-venice-must\/#breadcrumb","itemListElement":[{"@type":"ListItem","position":1,"name":"Laura Ashley","item":"https:\/\/interiorstore.eu\/en\/"},{"@type":"ListItem","position":2,"name":"E-shop","item":"https:\/\/interiorstore.eu\/en\/e-shop\/"},{"@type":"ListItem","position":3,"name":"Furniture","item":"https:\/\/interiorstore.eu\/en\/productcategory\/furniture\/"},{"@type":"ListItem","position":4,"name":"Laud Venice Must"}]},{"@type":"WebSite","@id":"https:\/\/interiorstore.eu\/en\/#website","url":"https:\/\/interiorstore.eu\/en\/","name":"InteriorStore.eu","description":"","publisher":{"@id":"https:\/\/interiorstore.eu\/en\/#organization"},"potentialAction":[{"@type":"SearchAction","target":{"@type":"EntryPoint","urlTemplate":"https:\/\/interiorstore.eu\/en\/?s={search_term_string}"},"query-input":{"@type":"PropertyValueSpecification","valueRequired":true,"valueName":"search_term_string"}}],"inLanguage":"en-US"},{"@type":"Organization","@id":"https:\/\/interiorstore.eu\/en\/#organization","name":"InteriorStore.eu","url":"https:\/\/interiorstore.eu\/en\/","logo":{"@type":"ImageObject","inLanguage":"en-US","@id":"https:\/\/interiorstore.eu\/en\/#\/schema\/logo\/image\/","url":"https:\/\/interiorstore.eu\/wp-content\/uploads\/2021\/11\/logo-black-email-300x79-1.png","contentUrl":"https:\/\/interiorstore.eu\/wp-content\/uploads\/2021\/11\/logo-black-email-300x79-1.png","width":300,"height":79,"caption":"InteriorStore.eu"},"image":{"@id":"https:\/\/interiorstore.eu\/en\/#\/schema\/logo\/image\/"}}]}},"_links":{"self":[{"href":"https:\/\/interiorstore.eu\/en\/wp-json\/wp\/v2\/product\/168717","targetHints":{"allow":["GET"]}}],"collection":[{"href":"https:\/\/interiorstore.eu\/en\/wp-json\/wp\/v2\/product"}],"about":[{"href":"https:\/\/interiorstore.eu\/en\/wp-json\/wp\/v2\/types\/product"}],"wp:featuredmedia":[{"embeddable":true,"href":"https:\/\/interiorstore.eu\/en\/wp-json\/wp\/v2\/media\/168718"}],"wp:attachment":[{"href":"https:\/\/interiorstore.eu\/en\/wp-json\/wp\/v2\/media?parent=168717"}],"wp:term":[{"taxonomy":"product_brand","embeddable":true,"href":"https:\/\/interiorstore.eu\/en\/wp-json\/wp\/v2\/product_brand?post=168717"},{"taxonomy":"product_cat","embeddable":true,"href":"https:\/\/interiorstore.eu\/en\/wp-json\/wp\/v2\/product_cat?post=168717"},{"taxonomy":"product_tag","embeddable":true,"href":"https:\/\/interiorstore.eu\/en\/wp-json\/wp\/v2\/product_tag?post=168717"}],"curies":[{"name":"wp","href":"https:\/\/api.w.org\/{rel}","templated":true}]}}